{"id":109,"date":"2023-09-23T11:31:59","date_gmt":"2023-09-23T11:31:59","guid":{"rendered":"https:\/\/springtech.rs\/?page_id=109"},"modified":"2025-05-05T13:04:29","modified_gmt":"2025-05-05T13:04:29","slug":"plan-preparation","status":"publish","type":"page","link":"https:\/\/springtech.rs\/de\/plan-preparation\/","title":{"rendered":"Planvorbereitung"},"content":{"rendered":"<div class=\"wpb-content-wrapper\"><div class=\"vc_row wpb_row vc_row-fluid\"><div class=\"wpb_column vc_column_container vc_col-sm-12\"><div class=\"vc_column-inner\"><div class=\"wpb_wrapper\">\n\t<div class=\"wpb_text_column wpb_content_element\" >\n\t\t<div class=\"wpb_wrapper\">\n\t\t\t<p class=\" translation-block\"><strong>Detaillierte und umsetzbare Planung f\u00fcr den Erfolg<\/strong><\/p>\n<p>Eine gute Planung ist entscheidend f\u00fcr den Erfolg jedes Projekts. Unsere Planerstellungsservices stellen sicher, dass jedes Detail Ihres Projekts ber\u00fccksichtigt wird \u2013 von Zeitpl\u00e4nen und Ressourcenbedarf bis hin zu Risikobewertungen und Notfallpl\u00e4nen.<\/p>\n<p>Wir bieten:<\/p>\n<ul>\n<li class=\" translation-block\"><strong>Umfassende Projekt-Roadmaps:<\/strong> Jede Phase des Projekts wird detailliert beschrieben.<\/li>\n<li class=\" translation-block\"><strong>Ressourcenplanung:<\/strong> Sicherstellen, dass bei Bedarf das richtige Personal, die richtigen Materialien und Werkzeuge zur Verf\u00fcgung stehen.<\/li>\n<li class=\" translation-block\"><strong>Risikomanagementplanung:<\/strong> Vorbereitung auf potenzielle Herausforderungen mit proaktiven Strategien.<\/li>\n<\/ul>\n<p>Mit einem soliden Plan k\u00f6nnen Sie sicher sein, dass Ihr Projekt reibungslos und effizient verl\u00e4uft und es keine \u00dcberraschungen gibt.<\/p>\n\n\t\t<\/div>\n\t<\/div>\n<\/div><\/div><\/div><\/div>\n<\/div>","protected":false},"excerpt":{"rendered":"Detailed and Actionable Planning for Success Proper planning is crucial for the success of any project. Our plan preparation services [...]","protected":false},"author":1,"featured_media":0,"parent":0,"menu_order":0,"comment_status":"closed","ping_status":"closed","template":"","meta":{"footnotes":""},"class_list":["post-109","page","type-page","status-publish","hentry"],"aioseo_notices":[],"_links":{"self":[{"href":"https:\/\/springtech.rs\/de\/wp-json\/wp\/v2\/pages\/109","targetHints":{"allow":["GET"]}}],"collection":[{"href":"https:\/\/springtech.rs\/de\/wp-json\/wp\/v2\/pages"}],"about":[{"href":"https:\/\/springtech.rs\/de\/wp-json\/wp\/v2\/types\/page"}],"author":[{"embeddable":true,"href":"https:\/\/springtech.rs\/de\/wp-json\/wp\/v2\/users\/1"}],"replies":[{"embeddable":true,"href":"https:\/\/springtech.rs\/de\/wp-json\/wp\/v2\/comments?post=109"}],"version-history":[{"count":5,"href":"https:\/\/springtech.rs\/de\/wp-json\/wp\/v2\/pages\/109\/revisions"}],"predecessor-version":[{"id":643,"href":"https:\/\/springtech.rs\/de\/wp-json\/wp\/v2\/pages\/109\/revisions\/643"}],"wp:attachment":[{"href":"https:\/\/springtech.rs\/de\/wp-json\/wp\/v2\/media?parent=109"}],"curies":[{"name":"wp","href":"https:\/\/api.w.org\/{rel}","templated":true}]}}