{"id":111,"date":"2023-09-23T11:32:05","date_gmt":"2023-09-23T11:32:05","guid":{"rendered":"https:\/\/springtech.rs\/?page_id=111"},"modified":"2025-05-05T13:04:08","modified_gmt":"2025-05-05T13:04:08","slug":"system-design","status":"publish","type":"page","link":"https:\/\/springtech.rs\/de\/system-design\/","title":{"rendered":"Systemdesign"},"content":{"rendered":"<div class=\"wpb-content-wrapper\"><div class=\"vc_row wpb_row vc_row-fluid\"><div class=\"wpb_column vc_column_container vc_col-sm-12\"><div class=\"vc_column-inner\"><div class=\"wpb_wrapper\">\n\t<div class=\"wpb_text_column wpb_content_element\" >\n\t\t<div class=\"wpb_wrapper\">\n\t\t\t<p><strong>Individuelle L\u00f6sungen, zugeschnitten auf Ihre Bed\u00fcrfnisse<\/strong><\/p>\n<p>Systemdesign ist der Kern unserer Arbeit. Ob Sie ein neues Sicherheitssystem, ein Geb\u00e4udemanagementsystem oder eine Brandschutzl\u00f6sung ben\u00f6tigen \u2013 unser Expertenteam arbeitet eng mit Ihnen zusammen, um ma\u00dfgeschneiderte Konzepte zu entwickeln, die Ihren spezifischen betrieblichen Anforderungen gerecht werden.<\/p>\n<p>Wir sind spezialisiert auf:<\/p>\n<ul>\n<li class=\" translation-block\"><strong>Skalierbarkeit und Flexibilit\u00e4t:<\/strong> Entwerfen Sie Systeme, die mit Ihren sich entwickelnden Anforderungen wachsen und sich anpassen k\u00f6nnen.<\/li>\n<li class=\" translation-block\"><strong>Optimierung f\u00fcr Effizienz:<\/strong> Sicherstellung maximaler Leistung bei minimalem Energie- und Ressourcenverbrauch.<\/li>\n<li class=\" translation-block\"><strong>Nahtlose Integration:<\/strong> Wir stellen sicher, dass Ihre neuen Systeme perfekt mit der vorhandenen Infrastruktur zusammenarbeiten.<\/li>\n<\/ul>\n<p>Unser Ziel ist es, kosteng\u00fcnstige, leistungsstarke Systeme zu liefern, die zukunftssicher sind und sich an ver\u00e4nderte Anforderungen anpassen lassen.<\/p>\n\n\t\t<\/div>\n\t<\/div>\n<\/div><\/div><\/div><\/div>\n<\/div>","protected":false},"excerpt":{"rendered":"Custom Solutions Tailored to Your Needs System design is at the core of what we do. Whether you require a [...]","protected":false},"author":1,"featured_media":0,"parent":0,"menu_order":0,"comment_status":"closed","ping_status":"closed","template":"","meta":{"footnotes":""},"class_list":["post-111","page","type-page","status-publish","hentry"],"aioseo_notices":[],"_links":{"self":[{"href":"https:\/\/springtech.rs\/de\/wp-json\/wp\/v2\/pages\/111","targetHints":{"allow":["GET"]}}],"collection":[{"href":"https:\/\/springtech.rs\/de\/wp-json\/wp\/v2\/pages"}],"about":[{"href":"https:\/\/springtech.rs\/de\/wp-json\/wp\/v2\/types\/page"}],"author":[{"embeddable":true,"href":"https:\/\/springtech.rs\/de\/wp-json\/wp\/v2\/users\/1"}],"replies":[{"embeddable":true,"href":"https:\/\/springtech.rs\/de\/wp-json\/wp\/v2\/comments?post=111"}],"version-history":[{"count":4,"href":"https:\/\/springtech.rs\/de\/wp-json\/wp\/v2\/pages\/111\/revisions"}],"predecessor-version":[{"id":590,"href":"https:\/\/springtech.rs\/de\/wp-json\/wp\/v2\/pages\/111\/revisions\/590"}],"wp:attachment":[{"href":"https:\/\/springtech.rs\/de\/wp-json\/wp\/v2\/media?parent=111"}],"curies":[{"name":"wp","href":"https:\/\/api.w.org\/{rel}","templated":true}]}}