{"id":113,"date":"2023-09-23T11:32:12","date_gmt":"2023-09-23T11:32:12","guid":{"rendered":"https:\/\/springtech.rs\/?page_id=113"},"modified":"2025-05-05T13:05:16","modified_gmt":"2025-05-05T13:05:16","slug":"maintenance","status":"publish","type":"page","link":"https:\/\/springtech.rs\/de\/maintenance\/","title":{"rendered":"Wartung"},"content":{"rendered":"<div class=\"wpb-content-wrapper\"><div class=\"vc_row wpb_row vc_row-fluid\"><div class=\"wpb_column vc_column_container vc_col-sm-12\"><div class=\"vc_column-inner\"><div class=\"wpb_wrapper\">\n\t<div class=\"wpb_text_column wpb_content_element\" >\n\t\t<div class=\"wpb_wrapper\">\n\t\t\t<p><strong>Sicherstellung der langfristigen Systemzuverl\u00e4ssigkeit<\/strong><\/p>\n<p>Regelm\u00e4\u00dfige Wartung ist unerl\u00e4sslich, um die langfristige Zuverl\u00e4ssigkeit und Leistung Ihrer Systeme zu gew\u00e4hrleisten. SPringTech.rs bietet umfassende Wartungsservices, die Ihnen helfen, kostspielige Ausfallzeiten zu vermeiden und sicherzustellen, dass Ihre Systeme stets mit maximaler Effizienz arbeiten.<\/p>\n<p>Unsere Wartungsleistungen umfassen:<\/p>\n<ul>\n<li class=\" translation-block\"><strong>Vorbeugende Wartung:<\/strong> Regelm\u00e4\u00dfige Inspektionen und Wartungen, um Problemen vorzubeugen, bevor sie auftreten.<\/li>\n<li class=\" translation-block\"><strong>Notfallreparaturen:<\/strong> Schnelle Reaktionszeiten zur Minimierung der Ausfallzeiten im Falle eines Systemausfalls.<\/li>\n<li class=\" translation-block\"><strong>Laufender Support:<\/strong> Fachkundige Beratung und Unterst\u00fctzung, damit Sie das Beste aus Ihren Systemen herausholen.<\/li>\n<\/ul>\n<p>Unsere Wartungsprogramme sind auf Ihre speziellen Bed\u00fcrfnisse zugeschnitten und sorgen daf\u00fcr, dass Ihre Systeme in einem Topzustand bleiben.<\/p>\n\n\t\t<\/div>\n\t<\/div>\n<\/div><\/div><\/div><\/div>\n<\/div>","protected":false},"excerpt":{"rendered":"Ensuring Long-Term System Reliability Regular maintenance is essential for ensuring the long-term reliability and performance of your systems. At SPringTech.rs, [...]","protected":false},"author":1,"featured_media":0,"parent":0,"menu_order":0,"comment_status":"closed","ping_status":"closed","template":"","meta":{"footnotes":""},"class_list":["post-113","page","type-page","status-publish","hentry"],"aioseo_notices":[],"_links":{"self":[{"href":"https:\/\/springtech.rs\/de\/wp-json\/wp\/v2\/pages\/113","targetHints":{"allow":["GET"]}}],"collection":[{"href":"https:\/\/springtech.rs\/de\/wp-json\/wp\/v2\/pages"}],"about":[{"href":"https:\/\/springtech.rs\/de\/wp-json\/wp\/v2\/types\/page"}],"author":[{"embeddable":true,"href":"https:\/\/springtech.rs\/de\/wp-json\/wp\/v2\/users\/1"}],"replies":[{"embeddable":true,"href":"https:\/\/springtech.rs\/de\/wp-json\/wp\/v2\/comments?post=113"}],"version-history":[{"count":4,"href":"https:\/\/springtech.rs\/de\/wp-json\/wp\/v2\/pages\/113\/revisions"}],"predecessor-version":[{"id":585,"href":"https:\/\/springtech.rs\/de\/wp-json\/wp\/v2\/pages\/113\/revisions\/585"}],"wp:attachment":[{"href":"https:\/\/springtech.rs\/de\/wp-json\/wp\/v2\/media?parent=113"}],"curies":[{"name":"wp","href":"https:\/\/api.w.org\/{rel}","templated":true}]}}