{"id":117,"date":"2023-09-23T11:32:22","date_gmt":"2023-09-23T11:32:22","guid":{"rendered":"https:\/\/springtech.rs\/?page_id=117"},"modified":"2025-05-05T13:04:37","modified_gmt":"2025-05-05T13:04:37","slug":"integration","status":"publish","type":"page","link":"https:\/\/springtech.rs\/de\/integration\/","title":{"rendered":"Integration"},"content":{"rendered":"<div class=\"wpb-content-wrapper\"><div class=\"vc_row wpb_row vc_row-fluid\"><div class=\"wpb_column vc_column_container vc_col-sm-12\"><div class=\"vc_column-inner\"><div class=\"wpb_wrapper\">\n\t<div class=\"wpb_text_column wpb_content_element\" >\n\t\t<div class=\"wpb_wrapper\">\n\t\t\t<p><strong>Vereinheitlichungssysteme f\u00fcr maximale Effizienz<\/strong><\/p>\n<p>Wir verstehen die Komplexit\u00e4t der Integration mehrerer Systeme, insbesondere in gro\u00dfen Industrie- und Gewerbeumgebungen. Unsere Integrationsservices gew\u00e4hrleisten die reibungslose Zusammenarbeit aller Ihrer Systeme \u2013 von Sicherheit und Brandschutz bis hin zu HLK und Geb\u00e4udemanagement.<\/p>\n<p>Zu den wichtigsten Vorteilen geh\u00f6ren:<\/p>\n<ul>\n<li class=\" translation-block\"><strong>Verbesserte Betriebseffizienz:<\/strong> Alle Systeme kommunizieren effektiv, wodurch Ausfallzeiten reduziert und die Leistung verbessert werden.<\/li>\n<li class=\" translation-block\"><strong>Zentralisierte Steuerung:<\/strong> Optimieren Sie die Verwaltung mit integrierten \u00dcberwachungs- und Steuerungssystemen.<\/li>\n<li class=\" translation-block\"><strong>Erh\u00f6hte Sicherheit und Zuverl\u00e4ssigkeit:<\/strong> Stellen Sie sicher, dass alle Systeme zusammenarbeiten, um Ihr Verm\u00f6gen zu sch\u00fctzen.<\/li>\n<\/ul>\n<p>Unsere Integrationsl\u00f6sungen werden individuell an Ihre Bed\u00fcrfnisse angepasst und gew\u00e4hrleisten einen reibungslosen und st\u00f6rungsfreien Betrieb.<\/p>\n\n\t\t<\/div>\n\t<\/div>\n<\/div><\/div><\/div><\/div>\n<\/div>","protected":false},"excerpt":{"rendered":"Unifying Systems for Maximum Efficiency We understand the complexity of integrating multiple systems, especially in large-scale industrial or commercial environments. [...]","protected":false},"author":1,"featured_media":0,"parent":0,"menu_order":0,"comment_status":"closed","ping_status":"closed","template":"","meta":{"footnotes":""},"class_list":["post-117","page","type-page","status-publish","hentry"],"aioseo_notices":[],"_links":{"self":[{"href":"https:\/\/springtech.rs\/de\/wp-json\/wp\/v2\/pages\/117","targetHints":{"allow":["GET"]}}],"collection":[{"href":"https:\/\/springtech.rs\/de\/wp-json\/wp\/v2\/pages"}],"about":[{"href":"https:\/\/springtech.rs\/de\/wp-json\/wp\/v2\/types\/page"}],"author":[{"embeddable":true,"href":"https:\/\/springtech.rs\/de\/wp-json\/wp\/v2\/users\/1"}],"replies":[{"embeddable":true,"href":"https:\/\/springtech.rs\/de\/wp-json\/wp\/v2\/comments?post=117"}],"version-history":[{"count":4,"href":"https:\/\/springtech.rs\/de\/wp-json\/wp\/v2\/pages\/117\/revisions"}],"predecessor-version":[{"id":584,"href":"https:\/\/springtech.rs\/de\/wp-json\/wp\/v2\/pages\/117\/revisions\/584"}],"wp:attachment":[{"href":"https:\/\/springtech.rs\/de\/wp-json\/wp\/v2\/media?parent=117"}],"curies":[{"name":"wp","href":"https:\/\/api.w.org\/{rel}","templated":true}]}}