{"id":520,"date":"2024-09-25T09:44:44","date_gmt":"2024-09-25T09:44:44","guid":{"rendered":"https:\/\/springtech.rs\/?page_id=520"},"modified":"2025-05-05T13:03:47","modified_gmt":"2025-05-05T13:03:47","slug":"project-management","status":"publish","type":"page","link":"https:\/\/springtech.rs\/de\/project-management\/","title":{"rendered":"Projektmanagement"},"content":{"rendered":"<div class=\"wpb-content-wrapper\"><div class=\"vc_row wpb_row vc_row-fluid\"><div class=\"wpb_column vc_column_container vc_col-sm-12\"><div class=\"vc_column-inner\"><div class=\"wpb_wrapper\">\n\t<div class=\"wpb_text_column wpb_content_element\" >\n\t\t<div class=\"wpb_wrapper\">\n\t\t\t<p><strong>Umfassende \u00dcberwachung von Anfang bis Ende<\/strong><\/p>\n<p>Unsere Projektmanagement-Services bilden das R\u00fcckgrat einer erfolgreichen Projektabwicklung. Von der Konzeption bis zur Fertigstellung sorgt unser Team daf\u00fcr, dass jede Phase sorgf\u00e4ltig geplant, \u00fcberwacht und kontrolliert wird, um Ihre Ziele zu erreichen. Wir nutzen modernste Projektmanagement-Tools und -Methoden, um Ihre Projekte termingerecht, im Rahmen des Umfangs und im Rahmen des Budgets umzusetzen.<\/p>\n<p>Wir k\u00fcmmern uns um:<\/p>\n<ul>\n<li class=\" translation-block\"><strong>Zeitleistenmanagement:<\/strong> Halten Sie Ihr Projekt im Zeitplan.<\/li>\n<li class=\" translation-block\"><strong>Ressourcenzuweisung:<\/strong> Sicherstellen, dass die richtigen Ressourcen effizient genutzt werden.<\/li>\n<li class=\" translation-block\"><strong>Stakeholder-Kommunikation:<\/strong> Erm\u00f6glichung einer reibungslosen Interaktion zwischen allen Parteien.<\/li>\n<li class=\" translation-block\"><strong>Risikominderung:<\/strong> Proaktive Identifizierung und Verwaltung von Risiken, um kostspielige Verz\u00f6gerungen zu vermeiden.<\/li>\n<\/ul>\n<p>Unser Ansatz ist auf die spezifischen Anforderungen jedes Kunden zugeschnitten und gew\u00e4hrleistet qualitativ hochwertige Ergebnisse bei minimaler St\u00f6rung Ihres Betriebs.<\/p>\n\n\t\t<\/div>\n\t<\/div>\n<\/div><\/div><\/div><\/div>\n<\/div>","protected":false},"excerpt":{"rendered":"Comprehensive Oversight from Start to Finish Our project management services are the backbone of successful project execution. From inception to [...]","protected":false},"author":1,"featured_media":0,"parent":0,"menu_order":0,"comment_status":"closed","ping_status":"closed","template":"","meta":{"footnotes":""},"class_list":["post-520","page","type-page","status-publish","hentry"],"aioseo_notices":[],"_links":{"self":[{"href":"https:\/\/springtech.rs\/de\/wp-json\/wp\/v2\/pages\/520","targetHints":{"allow":["GET"]}}],"collection":[{"href":"https:\/\/springtech.rs\/de\/wp-json\/wp\/v2\/pages"}],"about":[{"href":"https:\/\/springtech.rs\/de\/wp-json\/wp\/v2\/types\/page"}],"author":[{"embeddable":true,"href":"https:\/\/springtech.rs\/de\/wp-json\/wp\/v2\/users\/1"}],"replies":[{"embeddable":true,"href":"https:\/\/springtech.rs\/de\/wp-json\/wp\/v2\/comments?post=520"}],"version-history":[{"count":9,"href":"https:\/\/springtech.rs\/de\/wp-json\/wp\/v2\/pages\/520\/revisions"}],"predecessor-version":[{"id":588,"href":"https:\/\/springtech.rs\/de\/wp-json\/wp\/v2\/pages\/520\/revisions\/588"}],"wp:attachment":[{"href":"https:\/\/springtech.rs\/de\/wp-json\/wp\/v2\/media?parent=520"}],"curies":[{"name":"wp","href":"https:\/\/api.w.org\/{rel}","templated":true}]}}