{"id":524,"date":"2024-09-25T09:45:22","date_gmt":"2024-09-25T09:45:22","guid":{"rendered":"https:\/\/springtech.rs\/?page_id=524"},"modified":"2025-05-05T13:04:19","modified_gmt":"2025-05-05T13:04:19","slug":"engineering-design","status":"publish","type":"page","link":"https:\/\/springtech.rs\/de\/engineering-design\/","title":{"rendered":"Technisches Design"},"content":{"rendered":"<div class=\"wpb-content-wrapper\"><div class=\"vc_row wpb_row vc_row-fluid\"><div class=\"wpb_column vc_column_container vc_col-sm-12\"><div class=\"vc_column-inner\"><div class=\"wpb_wrapper\">\n\t<div class=\"wpb_text_column wpb_content_element\" >\n\t\t<div class=\"wpb_wrapper\">\n\t\t\t<p><strong>Innovative und praktische technische L\u00f6sungen<\/strong><\/p>\n<p>Unsere technischen Designleistungen verbinden innovatives Denken mit praxisnahen Anwendungen. Dank langj\u00e4hriger Branchenerfahrung sind unsere Ingenieure in der Entwicklung komplexer Systeme f\u00fcr Industrie, Gewerbe und Wohnen versiert und gew\u00e4hrleisten so funktionale und kosteneffiziente Systeme.<\/p>\n<p>Unser Angebot umfasst:<\/p>\n<ul>\n<li class=\" translation-block\"><strong>Mechanische und elektrische Systeme:<\/strong> Entwicklung von Hochleistungssystemen f\u00fcr langfristige Zuverl\u00e4ssigkeit.<\/li>\n<li class=\" translation-block\"><strong>Individuelle technische L\u00f6sungen:<\/strong> Ma\u00dfgeschneiderte Designs zur Bew\u00e4ltigung einzigartiger Projektherausforderungen.<\/li>\n<li class=\" translation-block\"><strong>Einhaltung gesetzlicher Vorschriften:<\/strong> Sicherstellen, dass die Entw\u00fcrfe allen geltenden Vorschriften und Standards entsprechen.<\/li>\n<\/ul>\n<p>Unsere technischen Entw\u00fcrfe basieren auf den Prinzipien der Effizienz, Sicherheit und Nachhaltigkeit und gew\u00e4hrleisten, dass Ihre Systeme langfristig optimale Leistung erbringen.<\/p>\n\n\t\t<\/div>\n\t<\/div>\n<\/div><\/div><\/div><\/div>\n<\/div>","protected":false},"excerpt":{"rendered":"Innovative and Practical Engineering Solutions Our engineering design services combine innovative thinking with practical, real-world applications. With years of industry [...]","protected":false},"author":1,"featured_media":0,"parent":0,"menu_order":0,"comment_status":"closed","ping_status":"closed","template":"","meta":{"footnotes":""},"class_list":["post-524","page","type-page","status-publish","hentry"],"aioseo_notices":[],"_links":{"self":[{"href":"https:\/\/springtech.rs\/de\/wp-json\/wp\/v2\/pages\/524","targetHints":{"allow":["GET"]}}],"collection":[{"href":"https:\/\/springtech.rs\/de\/wp-json\/wp\/v2\/pages"}],"about":[{"href":"https:\/\/springtech.rs\/de\/wp-json\/wp\/v2\/types\/page"}],"author":[{"embeddable":true,"href":"https:\/\/springtech.rs\/de\/wp-json\/wp\/v2\/users\/1"}],"replies":[{"embeddable":true,"href":"https:\/\/springtech.rs\/de\/wp-json\/wp\/v2\/comments?post=524"}],"version-history":[{"count":6,"href":"https:\/\/springtech.rs\/de\/wp-json\/wp\/v2\/pages\/524\/revisions"}],"predecessor-version":[{"id":725,"href":"https:\/\/springtech.rs\/de\/wp-json\/wp\/v2\/pages\/524\/revisions\/725"}],"wp:attachment":[{"href":"https:\/\/springtech.rs\/de\/wp-json\/wp\/v2\/media?parent=524"}],"curies":[{"name":"wp","href":"https:\/\/api.w.org\/{rel}","templated":true}]}}