{"id":526,"date":"2024-09-25T09:45:34","date_gmt":"2024-09-25T09:45:34","guid":{"rendered":"https:\/\/springtech.rs\/?page_id=526"},"modified":"2025-05-05T13:03:38","modified_gmt":"2025-05-05T13:03:38","slug":"procurement","status":"publish","type":"page","link":"https:\/\/springtech.rs\/de\/procurement\/","title":{"rendered":"Beschaffung"},"content":{"rendered":"<div class=\"wpb-content-wrapper\"><div class=\"vc_row wpb_row vc_row-fluid\"><div class=\"wpb_column vc_column_container vc_col-sm-12\"><div class=\"vc_column-inner\"><div class=\"wpb_wrapper\">\n\t<div class=\"wpb_text_column wpb_content_element\" >\n\t\t<div class=\"wpb_wrapper\">\n\t\t\t<p><strong>Beschaffung der besten Produkte f\u00fcr Ihre Bed\u00fcrfnisse<\/strong><\/p>\n<p>Die Beschaffung der richtigen Materialien und Ausr\u00fcstung ist entscheidend f\u00fcr den Erfolg jedes Projekts. Unsere Beschaffungsdienstleistungen gew\u00e4hrleisten, dass Sie den optimalen Nutzen aus Ihrer Investition ziehen und hochwertige Produkte p\u00fcnktlich und innerhalb des Budgets geliefert bekommen.<\/p>\n<p>Wir bieten:<\/p>\n<ul>\n<li class=\" translation-block\"><strong>Lieferantenmanagement:<\/strong> Zusammenarbeit mit vertrauensw\u00fcrdigen Lieferanten, um zuverl\u00e4ssige Produkte zu beziehen.<\/li>\n<li class=\" translation-block\"><strong>Kosteng\u00fcnstige L\u00f6sungen:<\/strong> Sichern Sie sich den besten Gegenwert f\u00fcr Ihr Beschaffungsbudget.<\/li>\n<li class=\" translation-block\"><strong>P\u00fcnktliche Lieferung:<\/strong> Koordinierung der Logistik, um die p\u00fcnktliche Lieferung aller Materialien sicherzustellen.<\/li>\n<\/ul>\n<p>Mit unseren Beschaffungsdienstleistungen k\u00f6nnen Sie sicher sein, dass Ihr Projekt im Zeitplan und im Rahmen des Budgets bleibt.<\/p>\n\n\t\t<\/div>\n\t<\/div>\n<\/div><\/div><\/div><\/div>\n<\/div>","protected":false},"excerpt":{"rendered":"Sourcing the Best Products for Your Needs Sourcing the right materials and equipment is key to the success of any [...]","protected":false},"author":1,"featured_media":0,"parent":0,"menu_order":0,"comment_status":"closed","ping_status":"closed","template":"","meta":{"footnotes":""},"class_list":["post-526","page","type-page","status-publish","hentry"],"aioseo_notices":[],"_links":{"self":[{"href":"https:\/\/springtech.rs\/de\/wp-json\/wp\/v2\/pages\/526","targetHints":{"allow":["GET"]}}],"collection":[{"href":"https:\/\/springtech.rs\/de\/wp-json\/wp\/v2\/pages"}],"about":[{"href":"https:\/\/springtech.rs\/de\/wp-json\/wp\/v2\/types\/page"}],"author":[{"embeddable":true,"href":"https:\/\/springtech.rs\/de\/wp-json\/wp\/v2\/users\/1"}],"replies":[{"embeddable":true,"href":"https:\/\/springtech.rs\/de\/wp-json\/wp\/v2\/comments?post=526"}],"version-history":[{"count":4,"href":"https:\/\/springtech.rs\/de\/wp-json\/wp\/v2\/pages\/526\/revisions"}],"predecessor-version":[{"id":587,"href":"https:\/\/springtech.rs\/de\/wp-json\/wp\/v2\/pages\/526\/revisions\/587"}],"wp:attachment":[{"href":"https:\/\/springtech.rs\/de\/wp-json\/wp\/v2\/media?parent=526"}],"curies":[{"name":"wp","href":"https:\/\/api.w.org\/{rel}","templated":true}]}}