{"id":528,"date":"2024-09-25T09:45:52","date_gmt":"2024-09-25T09:45:52","guid":{"rendered":"https:\/\/springtech.rs\/?page_id=528"},"modified":"2025-05-05T13:04:47","modified_gmt":"2025-05-05T13:04:47","slug":"installation","status":"publish","type":"page","link":"https:\/\/springtech.rs\/de\/installation\/","title":{"rendered":"Installation"},"content":{"rendered":"<div class=\"wpb-content-wrapper\"><div class=\"vc_row wpb_row vc_row-fluid\"><div class=\"wpb_column vc_column_container vc_col-sm-12\"><div class=\"vc_column-inner\"><div class=\"wpb_wrapper\">\n\t<div class=\"wpb_text_column wpb_content_element\" >\n\t\t<div class=\"wpb_wrapper\">\n\t\t\t<p><strong>Fachm\u00e4nnische Installation f\u00fcr optimale Leistung<\/strong><\/p>\n<p>Die ordnungsgem\u00e4\u00dfe Installation von Systemen ist entscheidend f\u00fcr deren Leistung und Langlebigkeit. Bei SPringTech.rs stellen unsere erfahrenen Installationsteams sicher, dass jede Komponente nach h\u00f6chsten Qualit\u00e4ts- und Sicherheitsstandards installiert wird.<\/p>\n<p>Unsere Leistungen umfassen:<\/p>\n<ul>\n<li class=\" translation-block\"><strong>Professionelle Installation:<\/strong> Unter Einhaltung aller Herstellerrichtlinien und bew\u00e4hrten Verfahren der Branche.<\/li>\n<li class=\" translation-block\"><strong>Tests nach der Installation:<\/strong> \u00dcberpr\u00fcfen, ob die Systeme wie vorgesehen funktionieren.<\/li>\n<li class=\" translation-block\"><strong>Minimale Unterbrechung:<\/strong> Wir stellen sicher, dass Installationen effizient und mit minimalen Auswirkungen auf Ihren t\u00e4glichen Betrieb abgeschlossen werden.<\/li>\n<\/ul>\n<p>Wir sind stolz auf unsere Liebe zum Detail und stellen sicher, dass jede Installation den h\u00f6chsten Leistungs- und Zuverl\u00e4ssigkeitsstandards entspricht.<\/p>\n\n\t\t<\/div>\n\t<\/div>\n<\/div><\/div><\/div><\/div>\n<\/div>","protected":false},"excerpt":{"rendered":"Expert Installation for Optimal Performance The proper installation of systems is crucial to their performance and longevity. At SPringTech.rs, our [...]","protected":false},"author":1,"featured_media":0,"parent":0,"menu_order":0,"comment_status":"closed","ping_status":"closed","template":"","meta":{"footnotes":""},"class_list":["post-528","page","type-page","status-publish","hentry"],"aioseo_notices":[],"_links":{"self":[{"href":"https:\/\/springtech.rs\/de\/wp-json\/wp\/v2\/pages\/528","targetHints":{"allow":["GET"]}}],"collection":[{"href":"https:\/\/springtech.rs\/de\/wp-json\/wp\/v2\/pages"}],"about":[{"href":"https:\/\/springtech.rs\/de\/wp-json\/wp\/v2\/types\/page"}],"author":[{"embeddable":true,"href":"https:\/\/springtech.rs\/de\/wp-json\/wp\/v2\/users\/1"}],"replies":[{"embeddable":true,"href":"https:\/\/springtech.rs\/de\/wp-json\/wp\/v2\/comments?post=528"}],"version-history":[{"count":4,"href":"https:\/\/springtech.rs\/de\/wp-json\/wp\/v2\/pages\/528\/revisions"}],"predecessor-version":[{"id":583,"href":"https:\/\/springtech.rs\/de\/wp-json\/wp\/v2\/pages\/528\/revisions\/583"}],"wp:attachment":[{"href":"https:\/\/springtech.rs\/de\/wp-json\/wp\/v2\/media?parent=528"}],"curies":[{"name":"wp","href":"https:\/\/api.w.org\/{rel}","templated":true}]}}