{"id":532,"date":"2024-09-25T09:46:14","date_gmt":"2024-09-25T09:46:14","guid":{"rendered":"https:\/\/springtech.rs\/?page_id=532"},"modified":"2025-05-05T13:04:56","modified_gmt":"2025-05-05T13:04:56","slug":"commissioning","status":"publish","type":"page","link":"https:\/\/springtech.rs\/de\/commissioning\/","title":{"rendered":"Inbetriebnahme"},"content":{"rendered":"<div class=\"wpb-content-wrapper\"><div class=\"vc_row wpb_row vc_row-fluid\"><div class=\"wpb_column vc_column_container vc_col-sm-12\"><div class=\"vc_column-inner\"><div class=\"wpb_wrapper\">\n\t<div class=\"wpb_text_column wpb_content_element\" >\n\t\t<div class=\"wpb_wrapper\">\n\t\t\t<p><strong>Sicherstellung der Betriebsbereitschaft der Systeme<\/strong><\/p>\n<p>Die Inbetriebnahme ist ein entscheidender Schritt f\u00fcr die erfolgreiche Bereitstellung eines Systems. Unsere Inbetriebnahmeservices umfassen umfassende Tests und Kalibrierungen, um sicherzustellen, dass alle installierten Systeme ihren Konstruktionsspezifikationen entsprechen und betriebsbereit sind.<\/p>\n<p>Unsere Inbetriebnahmeleistungen umfassen:<\/p>\n<ul>\n<li class=\" translation-block\"><strong>Leistungs\u00fcberpr\u00fcfung:<\/strong> Sicherstellen, dass Systeme unter realen Bedingungen wie vorgesehen funktionieren.<\/li>\n<li class=\" translation-block\"><strong>Sicherheitspr\u00fcfungen:<\/strong> \u00dcberpr\u00fcfen, ob alle Sicherheitsprotokolle vorhanden sind und ordnungsgem\u00e4\u00df funktionieren.<\/li>\n<li class=\" translation-block\"><strong>Einhaltung gesetzlicher Vorschriften:<\/strong> Sicherstellen, dass die Systeme alle geltenden Vorschriften und Standards erf\u00fcllen.<\/li>\n<\/ul>\n<p>Durch gr\u00fcndliches Testen und \u00dcberpr\u00fcfen jedes Systems garantieren wir vom ersten Tag an optimale Leistung und Zuverl\u00e4ssigkeit.<\/p>\n\n\t\t<\/div>\n\t<\/div>\n<\/div><\/div><\/div><\/div>\n<\/div>","protected":false},"excerpt":{"rendered":"Ensuring Systems Are Ready for Operation Commissioning is a critical step in the successful deployment of any system. Our commissioning [...]","protected":false},"author":1,"featured_media":0,"parent":0,"menu_order":0,"comment_status":"closed","ping_status":"closed","template":"","meta":{"footnotes":""},"class_list":["post-532","page","type-page","status-publish","hentry"],"aioseo_notices":[],"_links":{"self":[{"href":"https:\/\/springtech.rs\/de\/wp-json\/wp\/v2\/pages\/532","targetHints":{"allow":["GET"]}}],"collection":[{"href":"https:\/\/springtech.rs\/de\/wp-json\/wp\/v2\/pages"}],"about":[{"href":"https:\/\/springtech.rs\/de\/wp-json\/wp\/v2\/types\/page"}],"author":[{"embeddable":true,"href":"https:\/\/springtech.rs\/de\/wp-json\/wp\/v2\/users\/1"}],"replies":[{"embeddable":true,"href":"https:\/\/springtech.rs\/de\/wp-json\/wp\/v2\/comments?post=532"}],"version-history":[{"count":4,"href":"https:\/\/springtech.rs\/de\/wp-json\/wp\/v2\/pages\/532\/revisions"}],"predecessor-version":[{"id":580,"href":"https:\/\/springtech.rs\/de\/wp-json\/wp\/v2\/pages\/532\/revisions\/580"}],"wp:attachment":[{"href":"https:\/\/springtech.rs\/de\/wp-json\/wp\/v2\/media?parent=532"}],"curies":[{"name":"wp","href":"https:\/\/api.w.org\/{rel}","templated":true}]}}