{"id":8,"date":"2023-09-23T09:21:07","date_gmt":"2023-09-23T09:21:07","guid":{"rendered":"https:\/\/springtech.rs\/?page_id=8"},"modified":"2026-03-27T23:47:33","modified_gmt":"2026-03-27T23:47:33","slug":"contact-us","status":"publish","type":"page","link":"https:\/\/springtech.rs\/de\/contact-us\/","title":{"rendered":"Kontakt"},"content":{"rendered":"<div class=\"wpb-content-wrapper\"><div data-vc-full-width=\"true\" data-vc-full-width-init=\"false\" data-vc-stretch-content=\"true\" class=\"vc_row wpb_row vc_row-fluid wpb_animate_when_almost_visible wpb_fadeIn fadeIn vc_custom_1774655185642 vc_row-has-fill vc_row-has-padding-top vc_row-has-padding-left vc_row-has-padding-right\"><div class=\"wpb_column vc_column_container vc_col-sm-12\"><div class=\"vc_column-inner\"><div class=\"wpb_wrapper\"><header class=\"kd-section-title col-lg-12 text-left\" ><h3 class=\"separator_off\" >Kontakt<\/h3><\/header><\/div><\/div><\/div><\/div><div class=\"vc_row-full-width vc_clearfix\"><\/div><div data-vc-full-width=\"true\" data-vc-full-width-init=\"false\" data-vc-stretch-content=\"true\" class=\"vc_row wpb_row vc_row-fluid wpb_animate_when_almost_visible wpb_fadeIn fadeIn vc_custom_1774655248103 vc_row-has-fill vc_row-has-padding-top vc_row-has-padding-left vc_row-has-padding-right\"><div class=\"wpb_column vc_column_container vc_col-sm-6\"><div class=\"vc_column-inner\"><div class=\"wpb_wrapper\">\n\t<div class=\"wpb_raw_code wpb_raw_html wpb_content_element\" >\n\t\t<div class=\"wpb_wrapper\">\n\t\t\t<style>\n    .cdet * {\n        box-sizing: border-box;\n        font-family: inherit;\n        margin: 0;\n        padding: 0;\n    }\n\n    .cdet {\n        width: 100%;\n    }\n\n    .cdet-items {\n        display: flex;\n        flex-direction: column;\n        gap: 24px;\n        margin-bottom: 36px;\n    }\n\n    .cdet-item {\n        display: flex;\n        align-items: flex-start;\n        gap: 16px;\n    }\n\n    .cdet-icon {\n        width: 40px;\n        height: 40px;\n        border-radius: 8px;\n        background: #f4f4f4;\n        display: flex;\n        align-items: center;\n        justify-content: center;\n        flex-shrink: 0;\n    }\n\n    .cdet-icon svg {\n        width: 18px;\n        height: 18px;\n        color: #c0392b;\n    }\n\n    .cdet-label {\n        font-size: 0.72rem;\n        font-weight: 600;\n        text-transform: uppercase;\n        letter-spacing: 0.6px;\n        color: #999;\n        margin-bottom: 0 !important;\n    }\n\n    .cdet-value {\n        font-size: 0.88rem;\n        color: #111;\n        line-height: 1.55;\n        font-weight: 500;\n        margin-bottom: 0 !important;\n    }\n\n    .cdet-value a {\n        color: #111;\n        text-decoration: none;\n    }\n\n    .cdet-value a:hover {\n        color: #c0392b;\n    }\n\n    .cdet-divider {\n        height: 1px;\n        background: #ebebeb;\n        margin-bottom: 28px;\n    }\n\n    .cdet-hours {\n        margin-bottom: 32px;\n    }\n\n    .cdet-hours-title {\n        font-size: 0.72rem;\n        font-weight: 600;\n        text-transform: uppercase;\n        letter-spacing: 0.6px;\n        color: #999;\n        margin-bottom: 12px;\n    }\n\n    .cdet-hours-row {\n        display: flex;\n        justify-content: space-between;\n        align-items: center;\n        padding: 7px 0;\n        border-bottom: 1px solid #f2f2f2;\n        font-size: 0.84rem;\n    }\n\n    .cdet-hours-row:last-child {\n        border-bottom: none;\n    }\n\n    .cdet-hours-day {\n        color: #555;\n    }\n\n    .cdet-hours-time {\n        font-weight: 600;\n        color: #111;\n    }\n\n    .cdet-hours-closed {\n        font-weight: 500;\n        color: #bbb;\n    }\n\n<\/style>\n\n<div class=\"cdet\">\n    <div class=\"cdet-items\">\n        <div class=\"cdet-item\">\n            <div class=\"cdet-icon\">\n                <svg\n                    xmlns=\"http:\/\/www.w3.org\/2000\/svg\"\n                    fill=\"none\"\n                    viewbox=\"0 0 24 24\"\n                    stroke=\"currentColor\"\n                    stroke-width=\"2\"\n                >\n                    <path\n                        stroke-linecap=\"round\"\n                        stroke-linejoin=\"round\"\n                        d=\"M17.657 16.657L13.414 20.9a1.998 1.998 0 01-2.827 0l-4.244-4.243a8 8 0 1111.314 0z\"\n                    \/>\n                    <path\n                        stroke-linecap=\"round\"\n                        stroke-linejoin=\"round\"\n                        d=\"M15 11a3 3 0 11-6 0 3 3 0 016 0z\"\n                    \/>\n                <\/svg>\n            <\/div>\n            <div>\n                <p class=\"cdet-label\">Address<\/p>\n                <p class=\"cdet-value\">\n                    \u0110or\u0111a Stanojevi\u0107a 12<br \/>\n                    11070 Novi Beograd, Serbia\n                <\/p>\n            <\/div>\n        <\/div>\n\n        <div class=\"cdet-item\">\n            <div class=\"cdet-icon\">\n                <svg\n                    xmlns=\"http:\/\/www.w3.org\/2000\/svg\"\n                    fill=\"none\"\n                    viewbox=\"0 0 24 24\"\n                    stroke=\"currentColor\"\n                    stroke-width=\"2\"\n                >\n                    <path\n                        stroke-linecap=\"round\"\n                        stroke-linejoin=\"round\"\n                        d=\"M3 5a2 2 0 012-2h3.28a1 1 0 01.948.684l1.498 4.493a1 1 0 01-.502 1.21l-2.257 1.13a11.042 11.042 0 005.516 5.516l1.13-2.257a1 1 0 011.21-.502l4.493 1.498a1 1 0 01.684.949V19a2 2 0 01-2 2h-1C9.716 21 3 14.284 3 6V5z\"\n                    \/>\n                <\/svg>\n            <\/div>\n            <div>\n                <p class=\"cdet-label\">Phone<\/p>\n                <p class=\"cdet-value\">\n                    <a href=\"tel:+381607038113\">+381 60 703 81 13<\/a>\n                <\/p>\n            <\/div>\n        <\/div>\n\n        <div class=\"cdet-item\">\n            <div class=\"cdet-icon\">\n                <svg\n                    xmlns=\"http:\/\/www.w3.org\/2000\/svg\"\n                    fill=\"none\"\n                    viewbox=\"0 0 24 24\"\n                    stroke=\"currentColor\"\n                    stroke-width=\"2\"\n                >\n                    <path\n                        stroke-linecap=\"round\"\n                        stroke-linejoin=\"round\"\n                        d=\"M3 8l7.89 5.26a2 2 0 002.22 0L21 8M5 19h14a2 2 0 002-2V7a2 2 0 00-2-2H5a2 2 0 00-2 2v10a2 2 0 002 2z\"\n                    \/>\n                <\/svg>\n            <\/div>\n            <div>\n                <p class=\"cdet-label\">Email<\/p>\n                <p class=\"cdet-value\">\n                    <a href=\"mailto:info@springtech.rs\">info@springtech.rs<\/a>\n                <\/p>\n            <\/div>\n        <\/div>\n\n        <div class=\"cdet-item\">\n            <div class=\"cdet-icon\">\n                <svg\n                    xmlns=\"http:\/\/www.w3.org\/2000\/svg\"\n                    fill=\"none\"\n                    viewbox=\"0 0 24 24\"\n                    stroke=\"currentColor\"\n                    stroke-width=\"2\"\n                >\n                    <path\n                        stroke-linecap=\"round\"\n                        stroke-linejoin=\"round\"\n                        d=\"M21 12a9 9 0 01-9 9m9-9a9 9 0 00-9-9m9 9H3m9 9a9 9 0 01-9-9m9 9c1.657 0 3-4.03 3-9s-1.343-9-3-9m0 18c-1.657 0-3-4.03-3-9s1.343-9 3-9m-9 9a9 9 0 019-9\"\n                    \/>\n                <\/svg>\n            <\/div>\n            <div>\n                <p class=\"cdet-label\">Website<\/p>\n                <p class=\"cdet-value\">\n                    <a href=\"https:\/\/springtech.rs\" target=\"_blank\"\n                        >www.springtech.rs<\/a\n>\n                <\/p>\n            <\/div>\n        <\/div>\n    <\/div>\n\n    <div class=\"cdet-divider\"><\/div>\n\n    <div class=\"cdet-hours\">\n        <p class=\"cdet-hours-title\">Working Hours<\/p>\n        <div class=\"cdet-hours-row\">\n            <span class=\"cdet-hours-day\">Monday \u2013 Friday<\/span>\n            <span class=\"cdet-hours-time\">08:00 \u2013 16:00<\/span>\n        <\/div>\n        <div class=\"cdet-hours-row\">\n            <span class=\"cdet-hours-day\">Saturday<\/span>\n            <span class=\"cdet-hours-closed\">Closed<\/span>\n        <\/div>\n        <div class=\"cdet-hours-row\">\n            <span class=\"cdet-hours-day\">Sunday<\/span>\n            <span class=\"cdet-hours-closed\">Closed<\/span>\n        <\/div>\n    <\/div>\n\n    <div class=\"cdet-divider\"><\/div>\n\n   \n<\/div>\n\n\t\t<\/div>\n\t<\/div>\n<\/div><\/div><\/div><div class=\"wpb_column vc_column_container vc_col-sm-6 vc_col-has-fill\"><div class=\"vc_column-inner vc_custom_1774654865190\"><div class=\"wpb_wrapper\"><header class=\"kd-section-title col-lg-12 text-left\" ><h5 class=\"separator_off\" >Let\u2019s find the right solution\u2014get in touch.<\/h5><\/header>\n\t<div class=\"wpb_text_column wpb_content_element\" >\n\t\t<div class=\"wpb_wrapper\">\n\t\t\t<div class=\"forminator-ui forminator-custom-form forminator-custom-form-225 forminator-design--material  forminator_ajax\" data-forminator-render=\"0\" data-form=\"forminator-module-225\" data-uid=\"69f2e901a77ec\"><br\/><\/div><form\n\t\t\t\tid=\"forminator-module-225\"\n\t\t\t\tclass=\"forminator-ui forminator-custom-form forminator-custom-form-225 forminator-design--material  forminator_ajax\"\n\t\t\t\tmethod=\"post\"\n\t\t\t\tdata-forminator-render=\"0\"\n\t\t\t\tdata-form-id=\"225\"\n\t\t\t\t data-color-option=\"default\" data-design=\"material\" data-grid=\"open\" style=\"display: none;\"\n\t\t\t\tdata-uid=\"69f2e901a77ec\" action=\"\"\n\t\t\t><div role=\"alert\" aria-live=\"polite\" class=\"forminator-response-message forminator-error\" aria-hidden=\"true\"><\/div><div class=\"forminator-row\"><div id=\"name-1\" class=\"forminator-field-name forminator-col forminator-col-6\"><div class=\"forminator-field\"><label for=\"forminator-field-name-1_69f2e901a77ec\" id=\"forminator-field-name-1_69f2e901a77ec-label\" class=\"forminator-label\">Vorname <span class=\"forminator-required\">*<\/span><\/label><input type=\"text\" name=\"name-1\" value=\"\" placeholder=\"\" id=\"forminator-field-name-1_69f2e901a77ec\" class=\"forminator-input forminator-name--field\" aria-required=\"true\" autocomplete=\"name\" \/><\/div><\/div><div id=\"email-1\" class=\"forminator-field-email forminator-col forminator-col-6\"><div class=\"forminator-field\"><label for=\"forminator-field-email-1_69f2e901a77ec\" id=\"forminator-field-email-1_69f2e901a77ec-label\" class=\"forminator-label\">E-Mail-Adresse <span class=\"forminator-required\">*<\/span><\/label><input type=\"email\" name=\"email-1\" value=\"\" placeholder=\"\" id=\"forminator-field-email-1_69f2e901a77ec\" class=\"forminator-input forminator-email--field\" data-required=\"true\" aria-required=\"true\" autocomplete=\"email\" \/><\/div><\/div><\/div><div class=\"forminator-row\"><div id=\"phone-1\" class=\"forminator-field-phone forminator-col forminator-col-6\"><div class=\"forminator-field\"><label for=\"forminator-field-phone-1_69f2e901a77ec\" id=\"forminator-field-phone-1_69f2e901a77ec-label\" class=\"forminator-label\">Telefonnummer<\/label><input type=\"text\" name=\"phone-1\" value=\"\" placeholder=\"\" id=\"forminator-field-phone-1_69f2e901a77ec\" class=\"forminator-input forminator-field--phone\" data-required=\"\" aria-required=\"false\" autocomplete=\"off\" \/><\/div><\/div><div id=\"text-1\" class=\"forminator-field-text forminator-col forminator-col-6\"><div class=\"forminator-field\"><label for=\"forminator-field-text-1_69f2e901a77ec\" id=\"forminator-field-text-1_69f2e901a77ec-label\" class=\"forminator-label\">Diensttyp<\/label><input type=\"text\" name=\"text-1\" value=\"\" placeholder=\"\" id=\"forminator-field-text-1_69f2e901a77ec\" class=\"forminator-input forminator-name--field\" data-required=\"\" \/><\/div><\/div><\/div><div class=\"forminator-row\"><div id=\"textarea-1\" class=\"forminator-field-textarea forminator-col forminator-col-12\"><div class=\"forminator-field\"><label for=\"forminator-field-textarea-1_69f2e901a77ec\" id=\"forminator-field-textarea-1_69f2e901a77ec-label\" class=\"forminator-label\">Nachricht<\/label><span id=\"forminator-field-textarea-1_69f2e901a77ec-description\" class=\"forminator-description\"><span data-limit=\"180\" data-type=\"characters\" data-editor=\"\">0 \/ 180<\/span><\/span><textarea name=\"textarea-1\" placeholder=\"\" id=\"forminator-field-textarea-1_69f2e901a77ec\" class=\"forminator-textarea\" rows=\"6\" style=\"min-height:140px;\" maxlength=\"180\" ><\/textarea><\/div><\/div><\/div><div class=\"forminator-row\"><div id=\"captcha-1\" class=\"forminator-field-captcha forminator-col forminator-col-12\"><div class=\"forminator-captcha-left forminator-g-recaptcha\" data-theme=\"light\"  data-sitekey=\"6LcQ6fopAAAAAFTBTZq_PX8-KztfVGZZVp6y_AIY\" data-size=\"normal\"><\/div> <\/div><\/div><input type=\"hidden\" name=\"referer_url\" value=\"\" \/><div class=\"forminator-row forminator-row-last\"><div class=\"forminator-col\"><div class=\"forminator-field\"><button class=\"forminator-button forminator-button-submit\"><span>Schicken<\/span><span aria-hidden=\"true\"><\/span><\/button><\/div><\/div><\/div><input type=\"hidden\" id=\"forminator_nonce\" name=\"forminator_nonce\" value=\"b2b09a119f\" \/><input type=\"hidden\" name=\"_wp_http_referer\" value=\"\/de\/wp-json\/wp\/v2\/pages\/8\" \/><input type=\"hidden\" name=\"form_id\" value=\"225\"><input type=\"hidden\" name=\"page_id\" value=\"8\"><input type=\"hidden\" name=\"form_type\" value=\"default\"><input type=\"hidden\" name=\"current_url\" value=\"https:\/\/springtech.rs\/de\/contact-us\/\"><input type=\"hidden\" name=\"render_id\" value=\"0\"><input type=\"hidden\" name=\"action\" value=\"forminator_submit_form_custom-forms\"><label for=\"input_6\" class=\"forminator-hidden\" aria-hidden=\"true\">Bitte f\u00fclle dieses Feld nicht aus. <input id=\"input_6\" type=\"text\" name=\"input_6\" value=\"\" autocomplete=\"off\"><\/label><input type=\"hidden\" name=\"trp-form-language\" value=\"de\"\/><\/form>\n\n\t\t<\/div>\n\t<\/div>\n<\/div><\/div><\/div><\/div><div class=\"vc_row-full-width vc_clearfix\"><\/div>\n<\/div>","protected":false},"excerpt":{"rendered":"Contact Us Address \u0110or\u0111a Stanojevi\u0107a 12 11070 Novi Beograd, Serbia Phone +381 60 703 81 13 Email info@springtech.rs Website www.springtech.rs [...]","protected":false},"author":1,"featured_media":0,"parent":0,"menu_order":0,"comment_status":"closed","ping_status":"closed","template":"","meta":{"footnotes":""},"class_list":["post-8","page","type-page","status-publish","hentry"],"aioseo_notices":[],"_links":{"self":[{"href":"https:\/\/springtech.rs\/de\/wp-json\/wp\/v2\/pages\/8","targetHints":{"allow":["GET"]}}],"collection":[{"href":"https:\/\/springtech.rs\/de\/wp-json\/wp\/v2\/pages"}],"about":[{"href":"https:\/\/springtech.rs\/de\/wp-json\/wp\/v2\/types\/page"}],"author":[{"embeddable":true,"href":"https:\/\/springtech.rs\/de\/wp-json\/wp\/v2\/users\/1"}],"replies":[{"embeddable":true,"href":"https:\/\/springtech.rs\/de\/wp-json\/wp\/v2\/comments?post=8"}],"version-history":[{"count":94,"href":"https:\/\/springtech.rs\/de\/wp-json\/wp\/v2\/pages\/8\/revisions"}],"predecessor-version":[{"id":958,"href":"https:\/\/springtech.rs\/de\/wp-json\/wp\/v2\/pages\/8\/revisions\/958"}],"wp:attachment":[{"href":"https:\/\/springtech.rs\/de\/wp-json\/wp\/v2\/media?parent=8"}],"curies":[{"name":"wp","href":"https:\/\/api.w.org\/{rel}","templated":true}]}}