{"id":89,"date":"2023-09-23T10:29:28","date_gmt":"2023-09-23T10:29:28","guid":{"rendered":"https:\/\/springtech.rs\/?page_id=89"},"modified":"2026-03-28T00:18:46","modified_gmt":"2026-03-28T00:18:46","slug":"systems","status":"publish","type":"page","link":"https:\/\/springtech.rs\/de\/systems\/","title":{"rendered":"Systeme"},"content":{"rendered":"<div class=\"wpb-content-wrapper\"><div data-vc-full-width=\"true\" data-vc-full-width-init=\"false\" data-vc-stretch-content=\"true\" class=\"vc_row wpb_row vc_row-fluid vc_custom_1774657046416 vc_row-has-padding-top vc_row-has-padding-left vc_row-has-padding-right\"><div class=\"wpb_column vc_column_container vc_col-sm-12\"><div class=\"vc_column-inner\"><div class=\"wpb_wrapper\"><header class=\"kd-section-title col-lg-12 text-left\" ><h3 class=\"separator_off\" >Systeme<\/h3><\/header>\n\t<div  class=\"wpb_single_image wpb_content_element vc_align_left wpb_content_element\">\n\t\t\n\t\t<figure class=\"wpb_wrapper vc_figure\">\n\t\t\t<div class=\"vc_single_image-wrapper   vc_box_border_grey\"><img decoding=\"async\" class=\"vc_single_image-img\" src=\"https:\/\/springtech.rs\/wp-content\/uploads\/power-distribution-panels2-1380x400.jpg\" width=\"1380\" height=\"400\" alt=\"power-distribution-panels2\" title=\"power-distribution-panels2\" \/><\/div>\n\t\t<\/figure>\n\t<\/div>\n\n\t<div class=\"wpb_text_column wpb_content_element vc_custom_1695889759596\" >\n\t\t<div class=\"wpb_wrapper\">\n\t\t\t<h4 class=\"elementor-cta__title elementor-cta__content-item elementor-content-item\">Brandschutzsysteme<\/h4>\n<p class=\"elementor-cta__description elementor-cta__content-item elementor-content-item\">Brandschutzsysteme sind ein wesentlicher Bestandteil der Sicherheitssysteme aller Anlagen und Geb\u00e4ude. Sie sind darauf ausgelegt, Br\u00e4nde schnell zu erkennen, zu unterdr\u00fccken und ihre Auswirkungen zu mildern, um so eine Ausbreitung und damit die Entstehung von Sch\u00e4den zu verhindern.<\/p>\n<p>Diese umfassenden Systeme umfassen verschiedene wichtige Komponenten, darunter unter anderem Feuermelder, Sprinkler, Feuerl\u00f6scher und Unterdr\u00fcckungssysteme.<\/p>\n<p class=\" translation-block\"><strong>Feuermelder:<\/strong> Sie dienen als erste Verteidigungslinie gegen Br\u00e4nde. Ausgestattet mit Rauch- und W\u00e4rmesensoren k\u00f6nnen Feuermelder ein Feuer umgehend erkennen. Bei Erkennung eines Feuers l\u00f6sen sie akustische und optische Warnungen aus, sodass die Bewohner das Geb\u00e4ude sicher verlassen k\u00f6nnen. Feuermelder sind das entscheidende Bindeglied zwischen Fr\u00fcherkennung und der Sicherheit der Geb\u00e4udenutzer.<\/p>\n<p class=\" translation-block\"><strong>Sprinkleranlagen:<\/strong>\u00a0Sprinkleranlagen sind f\u00fcr eine schnelle Brandbek\u00e4mpfung konzipiert und spielen eine entscheidende Rolle bei der Brandbek\u00e4mpfung. Sie setzen Wasser oder spezielle L\u00f6schmittel ein, um die Ausbreitung des Feuers zu unterdr\u00fccken und seine F\u00e4higkeit, weitreichende Sch\u00e4den anzurichten, zu begrenzen. Sie verhindern besonders effektiv, dass sich Br\u00e4nde zu unkontrollierbaren Infernos entwickeln.<\/p>\n<p class=\" translation-block\"><strong>Feuerl\u00f6scher:<\/strong> Tragbare und vielseitige Feuerl\u00f6scher erm\u00f6glichen die sofortige Bek\u00e4mpfung von Br\u00e4nden im Entstehungsstadium. Geschulte Personen k\u00f6nnen mit Feuerl\u00f6schern kleine Br\u00e4nde bek\u00e4mpfen, bevor sie sich ausbreiten. So k\u00f6nnen sie das Risiko von Sachsch\u00e4den und Verletzungen deutlich reduzieren.<\/p>\n<p class=\" translation-block\"><strong>L\u00f6schsysteme:<\/strong>\u00a0Bestimmte Umgebungen, wie Serverr\u00e4ume oder Bereiche mit gef\u00e4hrlichen Stoffen, erfordern spezielle Feuerl\u00f6schsysteme. Diese Systeme nutzen oft gasbasierte Technologien, die Br\u00e4nde in Situationen schnell und effektiv l\u00f6schen, in denen herk\u00f6mmliche Methoden weniger geeignet sind.<\/p>\n<p>Die Wirksamkeit von Brandschutzsystemen h\u00e4ngt von mehreren kritischen Faktoren ab:<\/p>\n<p class=\" translation-block\"><strong>Proper Design:<\/strong>&nbsp;Systems must be meticulously designed to cater to the specific needs and risks of the facility. This includes considering factors such as building layout, occupancy, and potential fire hazards.<br>\r\nInstallation:&nbsp;Proper installation ensures that all components function seamlessly as a unified system. Incorrect installation can compromise the system\u2019s effectiveness.<\/p>\n<p class=\" translation-block\"><strong>Regelm\u00e4\u00dfige Wartung:<\/strong>\u00a0Regelm\u00e4\u00dfige Wartung ist unerl\u00e4sslich. Sie stellt sicher, dass alle Komponenten in optimalem Betriebszustand bleiben. Vernachl\u00e4ssigte Wartung kann zu Fehlalarmen oder, noch schlimmer, zu Systemausf\u00e4llen f\u00fchren, wenn diese am dringendsten ben\u00f6tigt werden. Brandschutzsysteme spielen eine entscheidende Rolle beim Schutz von Leben und Eigentum, der Reduzierung des Verletzungs- und Verlustrisikos und der Gew\u00e4hrleistung der Geb\u00e4udesicherheit.<\/p>\n<p>Brandschutzsysteme dienen als Bollwerk gegen die verheerenden Auswirkungen von Br\u00e4nden. Sie tragen ma\u00dfgeblich zum Schutz von Menschenleben und Eigentum bei, mindern das Verletzungs- und Verlustrisiko und gew\u00e4hrleisten die Sicherheit von Geb\u00e4uden und Anlagen.<\/p>\n\n\t\t<\/div>\n\t<\/div>\n\n\t<div  class=\"wpb_single_image wpb_content_element vc_align_left wpb_content_element\">\n\t\t\n\t\t<figure class=\"wpb_wrapper vc_figure\">\n\t\t\t<div class=\"vc_single_image-wrapper   vc_box_border_grey\"><img decoding=\"async\" class=\"vc_single_image-img\" src=\"https:\/\/springtech.rs\/wp-content\/uploads\/sec-panels2-1301x400.jpg\" width=\"1301\" height=\"400\" alt=\"sec-panels2\" title=\"sec-panels2\" \/><\/div>\n\t\t<\/figure>\n\t<\/div>\n\n\t<div class=\"wpb_text_column wpb_content_element vc_custom_1695889753109\" >\n\t\t<div class=\"wpb_wrapper\">\n\t\t\t<h4 class=\"elementor-cta__title elementor-cta__content-item elementor-content-item\">Gew\u00e4hrleistung von Sicherheit und Schutz<\/h4>\n<p class=\"elementor-cta__description elementor-cta__content-item elementor-content-item\">Sicherheitssysteme sind ein wesentlicher Bestandteil der Sicherheitsinfrastruktur eines jeden Geb\u00e4udes. Sie sind sorgf\u00e4ltig darauf ausgelegt, nicht nur potenzielle Eindringlinge zu identifizieren und abzuschrecken, sondern auch die Aktivit\u00e4ten auf dem Gel\u00e4nde zu \u00fcberwachen und unbefugten Zutritt zu verhindern.<\/p>\n<p>Diese Sicherheitssysteme umfassen eine Reihe wesentlicher Elemente, darunter:<\/p>\n<p class=\" translation-block\"><b>Zutrittskontrollsysteme:<\/b>\u00a0Diese Systeme nutzen verschiedene Technologien wie Schl\u00fcsselkarten, Biometrie oder PIN-Codes, um den Zutritt zu regeln und sicherzustellen, dass nur autorisierte Personen Zutritt erhalten. Dies dient dem doppelten Zweck, unbefugten Zutritt zu verhindern und das Risiko von Diebstahl und Vandalismus zu reduzieren.<br>\n<b><br>\n\u00dcberwachungskameras:<\/b>\u00dcberwachungskameras dienen als wachsame Augen im Geb\u00e4ude und liefern eine visuelle Aufzeichnung der Aktivit\u00e4ten. Dieses Filmmaterial ist f\u00fcr das Sicherheitspersonal von unsch\u00e4tzbarem Wert, da es laufende Aktivit\u00e4ten \u00fcberwachen, vergangene Ereignisse \u00fcberpr\u00fcfen und Vorf\u00e4lle effektiv untersuchen kann.<\/p>\n<p class=\" translation-block\"><b>Bewegungsmelder:\u00a0<\/b>Bewegungsmelder sind stille W\u00e4chter, die jede unbefugte Bewegung auf dem Gel\u00e4nde erkennen. Bei Ausl\u00f6sung l\u00f6sen sie Alarm aus und benachrichtigen das Sicherheitspersonal umgehend \u00fcber m\u00f6gliche Einbr\u00fcche oder verd\u00e4chtige Aktivit\u00e4ten.<\/p>\n<p class=\" translation-block\"><b>Alarme:<\/b>Alarme sind akustische und visuelle Warnsysteme, die sowohl Bewohner als auch Sicherheitsteams \u00fcber potenzielle Bedrohungen informieren. Sie dienen als Fr\u00fchwarnmechanismus und erm\u00f6glichen schnelle Reaktionen, um Risiken zu mindern und weiteren Schaden zu verhindern.<\/p>\n<p>Sicherheitssysteme sind unverzichtbare W\u00e4chter von Menschen und Eigentum und mindern die Risiken von Diebstahl, Vandalismus und Gewalt. Sie bilden die erste Verteidigungslinie, um die Sicherheit von Geb\u00e4uden zu gew\u00e4hrleisten, das Wohlbefinden der Bewohner zu gew\u00e4hrleisten und wertvolle Verm\u00f6genswerte zu sch\u00fctzen.<\/p>\n\n\t\t<\/div>\n\t<\/div>\n\n\t<div  class=\"wpb_single_image wpb_content_element vc_align_left wpb_content_element\">\n\t\t\n\t\t<figure class=\"wpb_wrapper vc_figure\">\n\t\t\t<div class=\"vc_single_image-wrapper   vc_box_border_grey\"><img decoding=\"async\" class=\"vc_single_image-img\" src=\"https:\/\/springtech.rs\/wp-content\/uploads\/HVAC-Systems-1352x400.jpg\" width=\"1352\" height=\"400\" alt=\"HVAC-Systems\" title=\"HVAC-Systems\" \/><\/div>\n\t\t<\/figure>\n\t<\/div>\n\n\t<div class=\"wpb_text_column wpb_content_element vc_custom_1695889791909\" >\n\t\t<div class=\"wpb_wrapper\">\n\t\t\t<h4 class=\"elementor-cta__title elementor-cta__content-item elementor-content-item\">HVAC Systeme<\/h4>\n<p class=\"elementor-cta__description elementor-cta__content-item elementor-content-item\">HVAC-Systeme (Heizung, L\u00fcftung und Klimaanlagen) sind integrale Bestandteile sowohl gewerblich genutzter Geb\u00e4ude als auch von Wohngeb\u00e4uden und f\u00fcr die Regulierung des Raumklimas und der Luftqualit\u00e4t verantwortlich.<\/p>\n<p class=\" translation-block\"><b>Die Hauptaufgabe von HLK-Systemen<\/b> besteht darin, die Luftqualit\u00e4t und den thermischen Komfort in Innenr\u00e4umen aufrechtzuerhalten und so eine angenehme und gesunde Umgebung f\u00fcr die Bewohner zu schaffen. HLK-Systeme bestehen aus verschiedenen Komponenten, darunter L\u00fcftungsger\u00e4te, K\u00fchler, Heizkessel, Rohrleitungen und Steuerungssysteme.<\/p>\n<p class=\" translation-block\"><b>Es stehen verschiedene Arten<\/b> von HLK-Systemen zur Verf\u00fcgung, beispielsweise Kompaktsysteme, Split-Systeme, Systeme mit variablem Luftvolumen (VAV) und geothermische Systeme, die jeweils auf spezielle Anforderungen und Umst\u00e4nde zugeschnitten sind.<\/p>\n<p>Es muss betont werden, dass HLK-Systeme einen erheblichen Anteil der Energie eines Geb\u00e4udes verbrauchen. Dies unterstreicht die entscheidende Bedeutung, der Energieeffizienz in diesem Zusammenhang Priorit\u00e4t einzur\u00e4umen.<\/p>\n<p class=\" translation-block\"><b>J\u00fcngste Fortschritte<\/b> in der HLK-Technologie, darunter Antriebe mit variabler Drehzahl, Energier\u00fcckgewinnungssysteme und intelligente Steuerungen, haben die Energieeffizienz deutlich verbessert, was zu geringeren Betriebskosten f\u00fchrt.<\/p>\n<p>Um den zuverl\u00e4ssigen und effizienten Betrieb von HLK-Systemen zu gew\u00e4hrleisten und ihre Lebensdauer zu verl\u00e4ngern, sind eine ordnungsgem\u00e4\u00dfe Konstruktion, eine pr\u00e4zise Installation und regelm\u00e4\u00dfige Wartung unerl\u00e4sslich.<\/p>\n<p>Neben der Regulierung des Raumklimas tragen HLK-Systeme zur Gesundheit und zum Komfort der Bewohner bei, reduzieren den Energieverbrauch und die Treibhausgasemissionen und st\u00e4rken die Nachhaltigkeit von Geb\u00e4uden.<\/p>\n<p>Zusammenfassend l\u00e4sst sich sagen, dass HLK-Systeme unverzichtbar sind, um ein komfortables und gesundes Raumklima zu schaffen und gleichzeitig den Aspekten Energieeffizienz und \u00f6kologische Nachhaltigkeit gerecht zu werden.<\/p>\n\n\t\t<\/div>\n\t<\/div>\n\n\t<div  class=\"wpb_single_image wpb_content_element vc_align_left wpb_content_element\">\n\t\t\n\t\t<figure class=\"wpb_wrapper vc_figure\">\n\t\t\t<div class=\"vc_single_image-wrapper   vc_box_border_grey\"><img decoding=\"async\" class=\"vc_single_image-img\" src=\"https:\/\/springtech.rs\/wp-content\/uploads\/BMS-engineer-1380x400.webp\" width=\"1380\" height=\"400\" alt=\"BMS-engineer\" title=\"BMS-engineer\" \/><\/div>\n\t\t<\/figure>\n\t<\/div>\n\n\t<div class=\"wpb_text_column wpb_content_element vc_custom_1695889831203\" >\n\t\t<div class=\"wpb_wrapper\">\n\t\t\t<h4 class=\"elementor-cta__title elementor-cta__content-item elementor-content-item\">Geb\u00e4udemanagementsysteme (BMS)<\/h4>\n<p class=\"elementor-cta__description elementor-cta__content-item elementor-content-item\">Geb\u00e4udemanagementsysteme, oft auch als Geb\u00e4udeautomationssysteme bezeichnet, sind hochentwickelte computergest\u00fctzte Steuerungssysteme, die f\u00fcr die \u00dcberwachung und Regulierung der mechanischen und elektrischen Infrastruktur eines Geb\u00e4udes zust\u00e4ndig sind.<\/p>\n<p class=\" translation-block\"><b>Das Hauptziel<\/b> von BMS-Systemen besteht darin, die Gesamtleistung eines Geb\u00e4udes zu verbessern. Dies wird durch die Optimierung der Energieeffizienz, die Senkung der Betriebskosten und die Verbesserung des Komforts der Geb\u00e4udenutzer erreicht.<\/p>\n<p>BMS-Systeme integrieren nahtlos eine Reihe kritischer Geb\u00e4udesysteme und -technologien, darunter HLK-, Beleuchtungs-, Sicherheits- und Brandschutzsysteme. Diese Integration erm\u00f6glicht eine zentrale Steuerung und kontinuierliche \u00dcberwachung. Sensoren und Dateneingaben gew\u00e4hrleisten eine kontinuierliche Anpassung an ver\u00e4nderte Umgebungsbedingungen. Dieser dynamische Ansatz optimiert den Systembetrieb und minimiert Energieverschwendung.<\/p>\n<p class=\" translation-block\"><b>BMS-Systeme bieten<\/b> Echtzeitdaten und Analysen und liefern Geb\u00e4udebetreibern wertvolle Erkenntnisse. Anhand dieser Daten k\u00f6nnen Betreiber Leistungsprobleme erkennen, den Energieverbrauch \u00fcberwachen und Strategien zur Verbesserung und Optimierung implementieren.<\/p>\n<p>Um die effiziente und zuverl\u00e4ssige Funktion von BMS-Systemen sicherzustellen und ihre Vorteile zu maximieren, sind eine sorgf\u00e4ltige Konstruktion, pr\u00e4zise Installation und regelm\u00e4\u00dfige Wartung unerl\u00e4sslich.<\/p>\n<p>BMS-Systeme spielen eine entscheidende Rolle bei der Erreichung von Nachhaltigkeitszielen. Sie senken den Energieverbrauch, reduzieren Treibhausgasemissionen, verbessern die Geb\u00e4udefunktionalit\u00e4t und den Komfort und steigern den Gesamtwert von Geb\u00e4uden.<\/p>\n\n\t\t<\/div>\n\t<\/div>\n\n\t<div  class=\"wpb_single_image wpb_content_element vc_align_left wpb_content_element\">\n\t\t\n\t\t<figure class=\"wpb_wrapper vc_figure\">\n\t\t\t<div class=\"vc_single_image-wrapper   vc_box_border_grey\"><img decoding=\"async\" class=\"vc_single_image-img\" src=\"https:\/\/springtech.rs\/wp-content\/uploads\/instrumentation2-1-1380x400.jpg\" width=\"1380\" height=\"400\" alt=\"instrumentation2-1\" title=\"instrumentation2-1\" \/><\/div>\n\t\t<\/figure>\n\t<\/div>\n\n\t<div class=\"wpb_text_column wpb_content_element vc_custom_1695889869753\" >\n\t\t<div class=\"wpb_wrapper\">\n\t\t\t<h4 class=\"elementor-cta__title elementor-cta__content-item elementor-content-item\">Instrumentierung<\/h4>\n<p class=\"elementor-cta__description elementor-cta__content-item elementor-content-item\">In der komplexen und dynamischen Welt der Petrochemie ist die Instrumentierung ein Eckpfeiler der betrieblichen Effizienz und Sicherheit. Sie umfasst eine Reihe von Werkzeugen und Technologien, von Sensoren zur pr\u00e4zisen Messung von Temperatur, Druck und Durchfluss bis hin zu hochentwickelten Steuerungssystemen zur Steuerung und Optimierung komplexer Prozesse. Diese unverzichtbare Komponente spielt eine vielf\u00e4ltige Rolle und tr\u00e4gt ma\u00dfgeblich zum Gesamterfolg der Branche bei.<\/p>\n<p class=\" translation-block\"><b>Gesteigerte Effizienz:<\/b>In einer Umgebung, in der Ressourcen kostbar sind, erm\u00f6glichen Echtzeitdaten aus der Instrumentierung die Feinabstimmung von Prozessen. Durch die Optimierung von Abl\u00e4ufen und die Minimierung von Abfall tr\u00e4gt die Instrumentierung dazu bei, die Betriebskosten zu senken und gleichzeitig die Ressourcennutzung zu maximieren. Im Wesentlichen erm\u00f6glicht sie es dem Sektor, mit weniger Ressourcen mehr zu erreichen und tr\u00e4gt so zu seiner wirtschaftlichen Nachhaltigkeit bei.<\/p>\n<p class=\" translation-block\"><b>Sicherheitsw\u00e4chter:<\/b>Sicherheit ist in petrochemischen Betrieben, wo Gefahren inh\u00e4rent sind, von gr\u00f6\u00dfter Bedeutung. Die Instrumentierung dient als wachsamer W\u00e4chter, der die Anlage sorgf\u00e4ltig \u00fcberwacht und Anomalien fr\u00fchzeitig erkennt. Dieser proaktive Ansatz beugt Unf\u00e4llen vor und sch\u00fctzt sowohl das Wohlbefinden des Personals als auch die Integrit\u00e4t wertvoller Anlagen.<\/p>\n<p class=\" translation-block\"><b>Compliance-Sicherung:<\/b>\u00a0Die Petrochemiebranche agiert in einem komplexen Netz aus Vorschriften und Normen. Die F\u00e4higkeit der Messtechnik, eine pr\u00e4zise \u00dcberwachung und Datenaufzeichnung zu gew\u00e4hrleisten, ist von unsch\u00e4tzbarem Wert, um die strikte Einhaltung dieser Vorschriften zu gew\u00e4hrleisten. Dies reduziert nicht nur rechtliche und betriebliche Risiken, sondern unterstreicht auch das Umweltbewusstsein der Branche.<\/p>\n<p>Reichweite der Instrumentierung in petrochemischen Betrieben:<\/p>\n<p class=\" translation-block\"><b>Destillationsanlagen:\u00a0<\/b>In Destillationsanlagen \u00fcbernimmt die Instrumentierung die wichtige Aufgabe, Trennprozesse zu optimieren. Durch die pr\u00e4zise Trennung der Komponenten wird die Qualit\u00e4t der Endprodukte gew\u00e4hrleistet und gleichzeitig Ressourcen geschont.<\/p>\n<p class=\" translation-block\"><b>Chemische Reaktoren:<\/b>\u00a0Die pr\u00e4zise Kontrolle von Variablen wie Temperatur, Druck und Zusammensetzung ist f\u00fcr effiziente Reaktionen unerl\u00e4sslich. Die Instrumentierung h\u00e4lt diese Variablen nicht nur innerhalb enger Toleranzen, sondern verbessert auch die Gesamteffizienz chemischer Reaktionen, was zu einem geringeren Energieverbrauch und niedrigeren Produktionskosten f\u00fchrt.<\/p>\n<p class=\" translation-block\"><b>Pipeline-\u00dcberwachung:<\/b>\u00a0Petrochemische Betriebe erstrecken sich oft \u00fcber ausgedehnte Pipeline-Netzwerke. Die Rolle der Messtechnik ist dabei vielf\u00e4ltig: Sie gew\u00e4hrleistet einen gleichm\u00e4\u00dfigen Materialfluss und dient gleichzeitig als proaktiver Schutz. Durchflussmesser und Lecksuchsysteme verhindern Leckagen, die zu Umweltsch\u00e4den und erheblichen finanziellen Verlusten f\u00fchren k\u00f6nnen.<\/p>\n<p>Neue Trends:<\/p>\n<p class=\" translation-block\"><b>Erweiterte Analytik:<\/b>\u00a0K\u00fcnstliche Intelligenz (KI) und maschinelles Lernen (ML) revolutionieren die petrochemische Industrie. Diese Technologien nutzen riesige Datens\u00e4tze, um pr\u00e4diktive Erkenntnisse zu liefern und so eine proaktive Probleml\u00f6sung und verbesserte Betriebseffizienz zu erm\u00f6glichen.<\/p>\n<p class=\" translation-block\"><b>Drahtlostechnologie:\u00a0<\/b>Fern\u00fcberwachung durch Drahtlostechnologie erh\u00f6ht die Sicherheit, insbesondere in Gefahrenbereichen, indem sie die Belastung des Personals mit potenziell gef\u00e4hrlichen Umgebungen reduziert.<\/p>\n<p class=\" translation-block\"><b>Cybersicherheit:\u00a0<\/b>Da die Digitalisierung der Branche immer weiter voranschreitet, sind robuste Cybersicherheitsma\u00dfnahmen unerl\u00e4sslich, um sowohl Daten als auch Systeme vor sich entwickelnden Cyberbedrohungen zu sch\u00fctzen.<\/p>\n<p>Im Wesentlichen ist die Instrumentierung die treibende Kraft hinter den Bem\u00fchungen der petrochemischen Industrie um Effizienz, Sicherheit und Compliance. Die Nutzung neuester technologischer Fortschritte ist unerl\u00e4sslich, um in einer sich st\u00e4ndig weiterentwickelnden Branche, in der Pr\u00e4zision und Sicherheit die Grundlage f\u00fcr den Erfolg bilden, wettbewerbsf\u00e4hig zu bleiben.<\/p>\n\n\t\t<\/div>\n\t<\/div>\n\n\t<div  class=\"wpb_single_image wpb_content_element vc_align_left wpb_content_element\">\n\t\t\n\t\t<figure class=\"wpb_wrapper vc_figure\">\n\t\t\t<div class=\"vc_single_image-wrapper   vc_box_border_grey\"><img decoding=\"async\" class=\"vc_single_image-img\" src=\"https:\/\/springtech.rs\/wp-content\/uploads\/voltafe-1380x400.jpg\" width=\"1380\" height=\"400\" alt=\"voltafe\" title=\"voltafe\" \/><\/div>\n\t\t<\/figure>\n\t<\/div>\n\n\t<div class=\"wpb_text_column wpb_content_element vc_custom_1695889904467\" >\n\t\t<div class=\"wpb_wrapper\">\n\t\t\t<h4 class=\"elementor-cta__title elementor-cta__content-item elementor-content-item\">Niederspannungssysteme<\/h4>\n<p class=\"elementor-cta__description elementor-cta__content-item elementor-content-item\">Niederspannungssysteme, die mit Spannungen unter 1000 V Wechselstrom oder 1500 V Gleichstrom betrieben werden, sind f\u00fcr die Gew\u00e4hrleistung von Sicherheit und Effizienz in verschiedenen Anwendungen von entscheidender Bedeutung.<\/p>\n<p class=\" translation-block\"><b>Sicherheit geht vor:<\/b>\u00a0Niederspannungssysteme werden unter Ber\u00fccksichtigung der Sicherheit entwickelt, wodurch das Risiko eines Stromschlags und einer Brandgefahr erheblich reduziert wird.<\/p>\n<p class=\" translation-block\"><b>Vielseitige Anwendungen:\u00a0<\/b>Diese Systeme dienen als R\u00fcckgrat f\u00fcr die Stromverteilung, Steuerungsmechanismen und Kommunikationsnetzwerke in unterschiedlichsten Umgebungen.<\/p>\n<p class=\" translation-block\"><b>Verschiedene Komponenten:<\/b>\u00a0Niederspannungssysteme umfassen eine Reihe von Komponenten, darunter Stromverteilungstafeln, Bedienfelder und Kommunikationsinfrastruktur, die einen reibungslosen Betrieb erm\u00f6glichen.<\/p>\n<p class=\" translation-block\"><b>Auf Effizienz ausgelegt:\u00a0<\/b>Verdrahtung und Kabel in Niederspannungssystemen spielen eine entscheidende Rolle bei der sicheren \u00dcbertragung von Strom und Signalen und gew\u00e4hrleisten eine effiziente und zuverl\u00e4ssige Leistung<\/p>\n<p class=\" translation-block\"><b>Kontrolle auf Knopfdruck:<\/b>\u00a0Niederspannungssysteme erm\u00f6glichen eine pr\u00e4zise Steuerung in verschiedenen Anwendungen, von der Beleuchtungs- und HLK-Regelung bis hin zu robusten Sicherheitssystemen.<\/p>\n<p class=\" translation-block\"><b>Sicherheitsnetz:<\/b>Die fr\u00fchzeitige Branderkennung durch Niederspannungssensoren erh\u00f6ht die Sicherheit durch rechtzeitige Alarmierung und Warnung.<br>\n<b><br>\nEnergieeffizienz:<\/b> Niederspannungssysteme sind f\u00fcr ihre Energieeffizienz bekannt und minimieren den Energieverlust \u00fcber kurze Distanzen.<\/p>\n<p class=\" translation-block\"><b>Universelle Vorteile:\u00a0<\/b>Diese Systeme finden dank ihrer Flexibilit\u00e4t und Anpassungsf\u00e4higkeit im Wohn-, Gewerbe- und Industriebereich Anwendung.<\/p>\n<p class=\" translation-block\"><b>Die Zukunft annehmen:<\/b>\u00a0Niederspannungssysteme lassen sich nahtlos in neue Technologien wie das Internet der Dinge (IoT) integrieren und erm\u00f6glichen so eine intelligente \u00dcberwachung und Steuerung.<\/p>\n<p class=\" translation-block\"><b>Weiterentwicklung der Infrastruktur:<\/b>\u00a0Als Eckpfeiler der modernen Infrastruktur entwickeln sich Niederspannungssysteme kontinuierlich weiter, um dem steigenden Energiebedarf und den technologischen Fortschritten gerecht zu werden und sicherzustellen, dass sie an der Spitze der Innovation bleiben.<\/p>\n<p>Niederspannungssysteme sind die heimlichen Helden moderner Infrastruktur und garantieren Sicherheit, Effizienz und Anpassungsf\u00e4higkeit in einem breiten Anwendungsspektrum. Ihre Integration in neue Technologien stellt sicher, dass sie in einer dynamischen und sich st\u00e4ndig weiterentwickelnden Technologielandschaft immer einen Schritt voraus sind.<\/p>\n\n\t\t<\/div>\n\t<\/div>\n<\/div><\/div><\/div><\/div><div class=\"vc_row-full-width vc_clearfix\"><\/div>\n<\/div>","protected":false},"excerpt":{"rendered":"Systems Fire Protection Systems Fire protection systems are an essential part of any plants or building's safety and security system, [...]","protected":false},"author":1,"featured_media":0,"parent":0,"menu_order":0,"comment_status":"closed","ping_status":"closed","template":"","meta":{"footnotes":""},"class_list":["post-89","page","type-page","status-publish","hentry"],"aioseo_notices":[],"_links":{"self":[{"href":"https:\/\/springtech.rs\/de\/wp-json\/wp\/v2\/pages\/89","targetHints":{"allow":["GET"]}}],"collection":[{"href":"https:\/\/springtech.rs\/de\/wp-json\/wp\/v2\/pages"}],"about":[{"href":"https:\/\/springtech.rs\/de\/wp-json\/wp\/v2\/types\/page"}],"author":[{"embeddable":true,"href":"https:\/\/springtech.rs\/de\/wp-json\/wp\/v2\/users\/1"}],"replies":[{"embeddable":true,"href":"https:\/\/springtech.rs\/de\/wp-json\/wp\/v2\/comments?post=89"}],"version-history":[{"count":11,"href":"https:\/\/springtech.rs\/de\/wp-json\/wp\/v2\/pages\/89\/revisions"}],"predecessor-version":[{"id":969,"href":"https:\/\/springtech.rs\/de\/wp-json\/wp\/v2\/pages\/89\/revisions\/969"}],"wp:attachment":[{"href":"https:\/\/springtech.rs\/de\/wp-json\/wp\/v2\/media?parent=89"}],"curies":[{"name":"wp","href":"https:\/\/api.w.org\/{rel}","templated":true}]}}