{"id":10,"date":"2023-09-23T09:21:20","date_gmt":"2023-09-23T09:21:20","guid":{"rendered":"https:\/\/springtech.rs\/?page_id=10"},"modified":"2026-03-27T23:49:52","modified_gmt":"2026-03-27T23:49:52","slug":"about-us","status":"publish","type":"page","link":"https:\/\/springtech.rs\/sr\/about-us\/","title":{"rendered":"O nama"},"content":{"rendered":"<div class=\"wpb-content-wrapper\"><div data-vc-full-width=\"true\" data-vc-full-width-init=\"false\" data-vc-stretch-content=\"true\" class=\"vc_row wpb_row vc_row-fluid vc_custom_1774655345607 vc_row-has-padding-top vc_row-has-padding-left vc_row-has-padding-right\"><div class=\"wpb_animate_when_almost_visible wpb_fadeIn fadeIn wpb_column vc_column_container vc_col-sm-12\"><div class=\"vc_column-inner\"><div class=\"wpb_wrapper\"><header class=\"kd-section-title col-lg-12 text-left\" ><h3 class=\"separator_off\" style=\"color: #000000;\">O nama<\/h3><p class=\"subtitle\" style=\"color: #000000;\">Spring Tech doo je posvec\u0301en pru\u017eanju izuzetne usluge, obezbe\u0111ujuc\u0301i da svi na\u0161i projekti ispunjavaju najvi\u0161e standarde bezbednosti i kvaliteta.<\/p>\n<p>Na\u0161 cilj je da klijentima pru\u017eimo efikasna i isplativa re\u0161enja koja odgovaraju njihovim specifi\u010dnim potrebama, isporu\u010dujuc\u0301i projekte na vreme i u okviru bud\u017eeta.<\/p>\n<p>We stand out as a recognizable company that specializes in the delivery of top-quality electrical and mechanical systems, as well as high-quality services to a wide range of clients.<\/p>\n<p>With years of experience in the industry, the company has built an exceptional reputation thanks to craftsmanship, unwavering reliability and exceptional cost effectiveness.<\/p>\n<p>Na\u0161 tim stru\u010dnjaka posvec\u0301en je svakom aspektu projekta, od po\u010detne analize i dizajna do implementacije i postprodajne usluge.<\/p>\n<p>Kroz stalnu inovaciju i ulaganje u tehnologiju, Spring Tech doo ostaje lider na tr\u017ei\u0161tu, sa ponosom doprinosec\u0301i razvoju sopstvenih klijenata i industrije, i ostvaruje dugoro\u010dne poslovne odnose.<\/p>\n<p>Na\u0161a filozofija je zasnovana na poverenju i transparentnosti, a svaki projekat je prilika da jo\u0161 jednom doka\u017eemo na\u0161u posvec\u0301enost kvalitetu i bezbednosti.<\/p><\/header><div class=\"vc_empty_space\"   style=\"height: 32px\"><span class=\"vc_empty_space_inner\"><\/span><\/div><a  href=\"https:\/\/springtech.rs\/contact\/\"  target=\"_self\"  title=\"Kontakt\" class=\"tt_button tt_primary_button btn_primary_color  pull-left button-action-link\" ><span class=\"prim_text\">Kontakt<\/span><\/a><div class=\"vc_empty_space\"   style=\"height: 32px\"><span class=\"vc_empty_space_inner\"><\/span><\/div><div class=\"vc_empty_space\"   style=\"height: 15px\"><span class=\"vc_empty_space_inner\"><\/span><\/div><\/div><\/div><\/div><\/div><div class=\"vc_row-full-width vc_clearfix\"><\/div>\n<\/div>","protected":false},"excerpt":{"rendered":"About UsSpring Tech doo is dedicated to providing exceptional service, ensuring that all our projects meet the highest standards of [...]","protected":false},"author":1,"featured_media":0,"parent":0,"menu_order":0,"comment_status":"closed","ping_status":"closed","template":"","meta":{"footnotes":""},"class_list":["post-10","page","type-page","status-publish","hentry"],"aioseo_notices":[],"_links":{"self":[{"href":"https:\/\/springtech.rs\/sr\/wp-json\/wp\/v2\/pages\/10","targetHints":{"allow":["GET"]}}],"collection":[{"href":"https:\/\/springtech.rs\/sr\/wp-json\/wp\/v2\/pages"}],"about":[{"href":"https:\/\/springtech.rs\/sr\/wp-json\/wp\/v2\/types\/page"}],"author":[{"embeddable":true,"href":"https:\/\/springtech.rs\/sr\/wp-json\/wp\/v2\/users\/1"}],"replies":[{"embeddable":true,"href":"https:\/\/springtech.rs\/sr\/wp-json\/wp\/v2\/comments?post=10"}],"version-history":[{"count":40,"href":"https:\/\/springtech.rs\/sr\/wp-json\/wp\/v2\/pages\/10\/revisions"}],"predecessor-version":[{"id":959,"href":"https:\/\/springtech.rs\/sr\/wp-json\/wp\/v2\/pages\/10\/revisions\/959"}],"wp:attachment":[{"href":"https:\/\/springtech.rs\/sr\/wp-json\/wp\/v2\/media?parent=10"}],"curies":[{"name":"wp","href":"https:\/\/api.w.org\/{rel}","templated":true}]}}