{"id":107,"date":"2023-09-23T11:31:47","date_gmt":"2023-09-23T11:31:47","guid":{"rendered":"https:\/\/springtech.rs\/?page_id=107"},"modified":"2025-05-05T13:03:56","modified_gmt":"2025-05-05T13:03:56","slug":"risk-assessment","status":"publish","type":"page","link":"https:\/\/springtech.rs\/sr\/risk-assessment\/","title":{"rendered":"Procena rizika"},"content":{"rendered":"<div class=\"wpb-content-wrapper\"><div class=\"vc_row wpb_row vc_row-fluid\"><div class=\"wpb_column vc_column_container vc_col-sm-12\"><div class=\"vc_column-inner\"><div class=\"wpb_wrapper\">\n\t<div class=\"wpb_text_column wpb_content_element\" >\n\t\t<div class=\"wpb_wrapper\">\n\t\t\t<p><strong>Za\u0161tita va\u0161e imovine i sigurnost<\/strong><\/p>\n<p>Rizik je svojstven svakom projektu ili operativnom okru\u017eenju. Na\u0161e usluge procene rizika su dizajnirane da identifikuju potencijalne opasnosti i ranjivosti pre nego \u0161to postanu skupi problemi. Sprovo\u0111enjem temeljnih procena, poma\u017eemo vam da za\u0161titite svoje ljude, imovinu i sisteme.<\/p>\n<p>Nudimo:<\/p>\n<ul>\n<li class=\" translation-block\"><strong>Identifikacija opasnosti:<\/strong> Otkrivanje moguc\u0301ih bezbednosnih, bezbednosnih i operativnih pretnji.<\/li>\n<li class=\" translation-block\"><strong>Analiza rizika:<\/strong> Procena verovatnoc\u0301e i potencijalnog uticaja identifikovanih rizika.<\/li>\n<li class=\" translation-block\"><strong>Strategije ubla\u017eavanja:<\/strong> Razvijanje planova koji se mogu preduzeti za minimiziranje ili eliminisanje rizika.<\/li>\n<li class=\" translation-block\"><strong>Osiguranje uskla\u0111enosti:<\/strong> Obezbe\u0111ivanje da su svi sistemi u skladu sa relevantnim industrijskim i regulatornim standardima.<\/li>\n<\/ul>\n<p>Sa na\u0161im stru\u010dnim timom, mo\u017eete sa sigurno\u0161c\u0301u da idete napred znajuc\u0301i da su va\u0161i rizici identifikovani i da se njima efikasno upravlja.<\/p>\n\n\t\t<\/div>\n\t<\/div>\n<\/div><\/div><\/div><\/div>\n<\/div>","protected":false},"excerpt":{"rendered":"Protecting Your Assets and Ensuring Safety Risk is inherent in any project or operational environment. Our risk assessment services are [...]","protected":false},"author":1,"featured_media":0,"parent":0,"menu_order":0,"comment_status":"closed","ping_status":"closed","template":"","meta":{"footnotes":""},"class_list":["post-107","page","type-page","status-publish","hentry"],"aioseo_notices":[],"_links":{"self":[{"href":"https:\/\/springtech.rs\/sr\/wp-json\/wp\/v2\/pages\/107","targetHints":{"allow":["GET"]}}],"collection":[{"href":"https:\/\/springtech.rs\/sr\/wp-json\/wp\/v2\/pages"}],"about":[{"href":"https:\/\/springtech.rs\/sr\/wp-json\/wp\/v2\/types\/page"}],"author":[{"embeddable":true,"href":"https:\/\/springtech.rs\/sr\/wp-json\/wp\/v2\/users\/1"}],"replies":[{"embeddable":true,"href":"https:\/\/springtech.rs\/sr\/wp-json\/wp\/v2\/comments?post=107"}],"version-history":[{"count":5,"href":"https:\/\/springtech.rs\/sr\/wp-json\/wp\/v2\/pages\/107\/revisions"}],"predecessor-version":[{"id":574,"href":"https:\/\/springtech.rs\/sr\/wp-json\/wp\/v2\/pages\/107\/revisions\/574"}],"wp:attachment":[{"href":"https:\/\/springtech.rs\/sr\/wp-json\/wp\/v2\/media?parent=107"}],"curies":[{"name":"wp","href":"https:\/\/api.w.org\/{rel}","templated":true}]}}