{"id":109,"date":"2023-09-23T11:31:59","date_gmt":"2023-09-23T11:31:59","guid":{"rendered":"https:\/\/springtech.rs\/?page_id=109"},"modified":"2025-05-05T13:04:29","modified_gmt":"2025-05-05T13:04:29","slug":"plan-preparation","status":"publish","type":"page","link":"https:\/\/springtech.rs\/sr\/plan-preparation\/","title":{"rendered":"Priprema plana"},"content":{"rendered":"<div class=\"wpb-content-wrapper\"><div class=\"vc_row wpb_row vc_row-fluid\"><div class=\"wpb_column vc_column_container vc_col-sm-12\"><div class=\"vc_column-inner\"><div class=\"wpb_wrapper\">\n\t<div class=\"wpb_text_column wpb_content_element\" >\n\t\t<div class=\"wpb_wrapper\">\n\t\t\t<p class=\" translation-block\"><strong>D<\/strong><strong>detaljno planiranje za uspeh<\/strong><\/p>\n<p>Pravilno planiranje je klju\u010dno za uspeh svakog projekta. Na\u0161e usluge pripreme plana obezbe\u0111uju da se uzme u obzir svaki detalj va\u0161eg projekta, od vremenskih rokova i zahteva za resursima do procene rizika i planova za vanredne situacije.<\/p>\n<p>Nudimo:<\/p>\n<ul>\n<li class=\" translation-block\"><strong>Sveobuhvatne mape puta projekta:<\/strong> Detaljno ocrtavaju svaku fazu projekta.<\/li>\n<li class=\" translation-block\"><strong>Planiranje resursa:<\/strong> Obezbe\u0111ivanje pravog osoblja, materijala i alata koji su dostupni kada je to potrebno.<\/li>\n<li class=\" translation-block\"><strong>Planiranje upravljanja rizikom:<\/strong> Priprema za potencijalne izazove uz proaktivne strategije.<\/li>\n<\/ul>\n<p>Mo\u017eete biti sigurni da c\u0301e se va\u0161 projekat odvijati glatko i efikasno, bez iznena\u0111enja.<\/p>\n\n\t\t<\/div>\n\t<\/div>\n<\/div><\/div><\/div><\/div>\n<\/div>","protected":false},"excerpt":{"rendered":"Detailed and Actionable Planning for Success Proper planning is crucial for the success of any project. Our plan preparation services [...]","protected":false},"author":1,"featured_media":0,"parent":0,"menu_order":0,"comment_status":"closed","ping_status":"closed","template":"","meta":{"footnotes":""},"class_list":["post-109","page","type-page","status-publish","hentry"],"aioseo_notices":[],"_links":{"self":[{"href":"https:\/\/springtech.rs\/sr\/wp-json\/wp\/v2\/pages\/109","targetHints":{"allow":["GET"]}}],"collection":[{"href":"https:\/\/springtech.rs\/sr\/wp-json\/wp\/v2\/pages"}],"about":[{"href":"https:\/\/springtech.rs\/sr\/wp-json\/wp\/v2\/types\/page"}],"author":[{"embeddable":true,"href":"https:\/\/springtech.rs\/sr\/wp-json\/wp\/v2\/users\/1"}],"replies":[{"embeddable":true,"href":"https:\/\/springtech.rs\/sr\/wp-json\/wp\/v2\/comments?post=109"}],"version-history":[{"count":5,"href":"https:\/\/springtech.rs\/sr\/wp-json\/wp\/v2\/pages\/109\/revisions"}],"predecessor-version":[{"id":643,"href":"https:\/\/springtech.rs\/sr\/wp-json\/wp\/v2\/pages\/109\/revisions\/643"}],"wp:attachment":[{"href":"https:\/\/springtech.rs\/sr\/wp-json\/wp\/v2\/media?parent=109"}],"curies":[{"name":"wp","href":"https:\/\/api.w.org\/{rel}","templated":true}]}}