{"id":111,"date":"2023-09-23T11:32:05","date_gmt":"2023-09-23T11:32:05","guid":{"rendered":"https:\/\/springtech.rs\/?page_id=111"},"modified":"2025-05-05T13:04:08","modified_gmt":"2025-05-05T13:04:08","slug":"system-design","status":"publish","type":"page","link":"https:\/\/springtech.rs\/sr\/system-design\/","title":{"rendered":"Dizajn sistema"},"content":{"rendered":"<div class=\"wpb-content-wrapper\"><div class=\"vc_row wpb_row vc_row-fluid\"><div class=\"wpb_column vc_column_container vc_col-sm-12\"><div class=\"vc_column-inner\"><div class=\"wpb_wrapper\">\n\t<div class=\"wpb_text_column wpb_content_element\" >\n\t\t<div class=\"wpb_wrapper\">\n\t\t\t<p><strong>Prilago\u0111ena re\u0161enja prilago\u0111ena va\u0161im potrebama<\/strong><\/p>\n<p>Dizajn sistema je u osnovi onoga \u0161to radimo. Bez obzira da li vam je potreban novi sigurnosni sistem, sistem upravljanja zgradom ili re\u0161enje za za\u0161titu od po\u017eara, na\u0161 tim stru\u010dnjaka blisko sara\u0111uje sa vama kako bi kreirao dizajn po meri koji zadovoljava va\u0161e specifi\u010dne operativne potrebe.<\/p>\n<p>Specijalizovani smo za:<\/p>\n<ul>\n<li class=\" translation-block\"><strong>Skalabilnost i fleksibilnost:<\/strong> Dizajniranje sistema koji mogu da rastu i prilago\u0111avaju se kako se va\u0161e potrebe budu razvijale.<\/li>\n<li class=\" translation-block\"><strong>Optimizacija za efikasnost:<\/strong> Obezbe\u0111ivanje maksimalnih performansi uz minimalnu potro\u0161nju energije i resursa.<\/li>\n<li class=\" translation-block\"><strong>Besprekorna integracija:<\/strong> Uverite se da va\u0161i novi sistemi savr\u0161eno funkcioni\u0161u sa postojec\u0301om infrastrukturom.<\/li>\n<\/ul>\n<p>Na\u0161 cilj je da isporu\u010dimo isplative sisteme visokih performansi koji su otporni na buduc\u0301nost i prilagodljivi promenljivim zahtevima.<\/p>\n\n\t\t<\/div>\n\t<\/div>\n<\/div><\/div><\/div><\/div>\n<\/div>","protected":false},"excerpt":{"rendered":"Custom Solutions Tailored to Your Needs System design is at the core of what we do. Whether you require a [...]","protected":false},"author":1,"featured_media":0,"parent":0,"menu_order":0,"comment_status":"closed","ping_status":"closed","template":"","meta":{"footnotes":""},"class_list":["post-111","page","type-page","status-publish","hentry"],"aioseo_notices":[],"_links":{"self":[{"href":"https:\/\/springtech.rs\/sr\/wp-json\/wp\/v2\/pages\/111","targetHints":{"allow":["GET"]}}],"collection":[{"href":"https:\/\/springtech.rs\/sr\/wp-json\/wp\/v2\/pages"}],"about":[{"href":"https:\/\/springtech.rs\/sr\/wp-json\/wp\/v2\/types\/page"}],"author":[{"embeddable":true,"href":"https:\/\/springtech.rs\/sr\/wp-json\/wp\/v2\/users\/1"}],"replies":[{"embeddable":true,"href":"https:\/\/springtech.rs\/sr\/wp-json\/wp\/v2\/comments?post=111"}],"version-history":[{"count":4,"href":"https:\/\/springtech.rs\/sr\/wp-json\/wp\/v2\/pages\/111\/revisions"}],"predecessor-version":[{"id":590,"href":"https:\/\/springtech.rs\/sr\/wp-json\/wp\/v2\/pages\/111\/revisions\/590"}],"wp:attachment":[{"href":"https:\/\/springtech.rs\/sr\/wp-json\/wp\/v2\/media?parent=111"}],"curies":[{"name":"wp","href":"https:\/\/api.w.org\/{rel}","templated":true}]}}