{"id":113,"date":"2023-09-23T11:32:12","date_gmt":"2023-09-23T11:32:12","guid":{"rendered":"https:\/\/springtech.rs\/?page_id=113"},"modified":"2025-05-05T13:05:16","modified_gmt":"2025-05-05T13:05:16","slug":"maintenance","status":"publish","type":"page","link":"https:\/\/springtech.rs\/sr\/maintenance\/","title":{"rendered":"Odr\u017eavanje"},"content":{"rendered":"<div class=\"wpb-content-wrapper\"><div class=\"vc_row wpb_row vc_row-fluid\"><div class=\"wpb_column vc_column_container vc_col-sm-12\"><div class=\"vc_column-inner\"><div class=\"wpb_wrapper\">\n\t<div class=\"wpb_text_column wpb_content_element\" >\n\t\t<div class=\"wpb_wrapper\">\n\t\t\t<p><strong>Obezbe\u0111ivanje dugoro\u010dne pouzdanosti sistema<\/strong><\/p>\n<p>Redovno odr\u017eavanje je neophodno za obezbe\u0111ivanje dugoro\u010dne pouzdanosti i performansi va\u0161ih sistema. U SPringTech.rs nudimo sveobuhvatne usluge odr\u017eavanja koje vam poma\u017eu da izbegnete skupe zastoje i obezbedite da va\u0161i sistemi uvek rade sa maksimalnom efikasno\u0161c\u0301u.<\/p>\n<p>Na\u0161e usluge odr\u017eavanja uklju\u010duju:<\/p>\n<ul>\n<li class=\" translation-block\"><strong>Preventivno odr\u017eavanje:<\/strong> Redovne provere i servisiranje kako bi se spre\u010dili problemi pre nego \u0161to se pojave.<\/li>\n<li class=\" translation-block\"><strong>Hitne popravke:<\/strong> Brzo vreme odgovora da bi se smanjilo vreme zastoja u slu\u010daju kvara sistema.<\/li>\n<li class=\" translation-block\"><strong>Stalna podr\u0161ka:<\/strong> Stru\u010dna uputstva i podr\u0161ka koji c\u0301e vam pomoc\u0301i da na najbolji na\u010din iskoristite svoje sisteme.<\/li>\n<\/ul>\n<p>Na\u0161i programi odr\u017eavanja su prilago\u0111eni va\u0161im specifi\u010dnim potrebama, osiguravajuc\u0301i da va\u0161i sistemi ostanu u vrhunskom stanju.<\/p>\n\n\t\t<\/div>\n\t<\/div>\n<\/div><\/div><\/div><\/div>\n<\/div>","protected":false},"excerpt":{"rendered":"Ensuring Long-Term System Reliability Regular maintenance is essential for ensuring the long-term reliability and performance of your systems. At SPringTech.rs, [...]","protected":false},"author":1,"featured_media":0,"parent":0,"menu_order":0,"comment_status":"closed","ping_status":"closed","template":"","meta":{"footnotes":""},"class_list":["post-113","page","type-page","status-publish","hentry"],"aioseo_notices":[],"_links":{"self":[{"href":"https:\/\/springtech.rs\/sr\/wp-json\/wp\/v2\/pages\/113","targetHints":{"allow":["GET"]}}],"collection":[{"href":"https:\/\/springtech.rs\/sr\/wp-json\/wp\/v2\/pages"}],"about":[{"href":"https:\/\/springtech.rs\/sr\/wp-json\/wp\/v2\/types\/page"}],"author":[{"embeddable":true,"href":"https:\/\/springtech.rs\/sr\/wp-json\/wp\/v2\/users\/1"}],"replies":[{"embeddable":true,"href":"https:\/\/springtech.rs\/sr\/wp-json\/wp\/v2\/comments?post=113"}],"version-history":[{"count":4,"href":"https:\/\/springtech.rs\/sr\/wp-json\/wp\/v2\/pages\/113\/revisions"}],"predecessor-version":[{"id":585,"href":"https:\/\/springtech.rs\/sr\/wp-json\/wp\/v2\/pages\/113\/revisions\/585"}],"wp:attachment":[{"href":"https:\/\/springtech.rs\/sr\/wp-json\/wp\/v2\/media?parent=113"}],"curies":[{"name":"wp","href":"https:\/\/api.w.org\/{rel}","templated":true}]}}