{"id":115,"date":"2023-09-23T11:32:17","date_gmt":"2023-09-23T11:32:17","guid":{"rendered":"https:\/\/springtech.rs\/?page_id=115"},"modified":"2025-05-05T13:05:26","modified_gmt":"2025-05-05T13:05:26","slug":"customer-training","status":"publish","type":"page","link":"https:\/\/springtech.rs\/sr\/customer-training\/","title":{"rendered":"Obuka klijenata"},"content":{"rendered":"<div class=\"wpb-content-wrapper\"><div class=\"vc_row wpb_row vc_row-fluid\"><div class=\"wpb_column vc_column_container vc_col-sm-12\"><div class=\"vc_column-inner\"><div class=\"wpb_wrapper\">\n\t<div class=\"wpb_text_column wpb_content_element\" >\n\t\t<div class=\"wpb_wrapper\">\n\t\t\t<p><strong>Osna\u017eivanje va\u0161eg tima stru\u010dnim znanjem<\/strong><\/p>\n<p>Za efikasan rad sistema potrebno je stru\u010dno osoblje. Na\u0161i programi obuke za korisnike su dizajnirani da va\u0161em timu pru\u017ee ve\u0161tine i znanje koje su im potrebne za efikasan rad i odr\u017eavanje va\u0161ih sistema.<\/p>\n<p>Nudimo:<\/p>\n<ul>\n<li class=\" translation-block\"><strong>Prakti\u010dna obuka:<\/strong> Obuka iz stvarnog sveta kako biste bili sigurni da va\u0161 tim mo\u017ee da se nosi sa svakodnevnim operacijama.<\/li>\n<li class=\" translation-block\"><strong>Prilago\u0111eni programi:<\/strong> Re\u0161enja za obuku prilago\u0111ena va\u0161im specifi\u010dnim potrebama.<\/li>\n<li class=\" translation-block\"><strong>Stalna podr\u0161ka:<\/strong> Kontinuirana obuka i podr\u0161ka kako biste osigurali da va\u0161 tim bude u toku sa napretkom sistema.<\/li>\n<\/ul>\n<p>Na\u0161 cilj je da osna\u017eimo va\u0161 tim da upravlja va\u0161im sistemima sa samopouzdanjem i efikasno\u0161c\u0301u.<\/p>\n\n\t\t<\/div>\n\t<\/div>\n<\/div><\/div><\/div><\/div>\n<\/div>","protected":false},"excerpt":{"rendered":"Empowering Your Team with Expert Knowledge Effective system operation requires knowledgeable personnel. Our customer training programs are designed to provide [...]","protected":false},"author":1,"featured_media":0,"parent":0,"menu_order":0,"comment_status":"closed","ping_status":"closed","template":"","meta":{"footnotes":""},"class_list":["post-115","page","type-page","status-publish","hentry"],"aioseo_notices":[],"_links":{"self":[{"href":"https:\/\/springtech.rs\/sr\/wp-json\/wp\/v2\/pages\/115","targetHints":{"allow":["GET"]}}],"collection":[{"href":"https:\/\/springtech.rs\/sr\/wp-json\/wp\/v2\/pages"}],"about":[{"href":"https:\/\/springtech.rs\/sr\/wp-json\/wp\/v2\/types\/page"}],"author":[{"embeddable":true,"href":"https:\/\/springtech.rs\/sr\/wp-json\/wp\/v2\/users\/1"}],"replies":[{"embeddable":true,"href":"https:\/\/springtech.rs\/sr\/wp-json\/wp\/v2\/comments?post=115"}],"version-history":[{"count":4,"href":"https:\/\/springtech.rs\/sr\/wp-json\/wp\/v2\/pages\/115\/revisions"}],"predecessor-version":[{"id":569,"href":"https:\/\/springtech.rs\/sr\/wp-json\/wp\/v2\/pages\/115\/revisions\/569"}],"wp:attachment":[{"href":"https:\/\/springtech.rs\/sr\/wp-json\/wp\/v2\/media?parent=115"}],"curies":[{"name":"wp","href":"https:\/\/api.w.org\/{rel}","templated":true}]}}