{"id":117,"date":"2023-09-23T11:32:22","date_gmt":"2023-09-23T11:32:22","guid":{"rendered":"https:\/\/springtech.rs\/?page_id=117"},"modified":"2025-05-05T13:04:37","modified_gmt":"2025-05-05T13:04:37","slug":"integration","status":"publish","type":"page","link":"https:\/\/springtech.rs\/sr\/integration\/","title":{"rendered":"Integracija"},"content":{"rendered":"<div class=\"wpb-content-wrapper\"><div class=\"vc_row wpb_row vc_row-fluid\"><div class=\"wpb_column vc_column_container vc_col-sm-12\"><div class=\"vc_column-inner\"><div class=\"wpb_wrapper\">\n\t<div class=\"wpb_text_column wpb_content_element\" >\n\t\t<div class=\"wpb_wrapper\">\n\t\t\t<p><strong>Sistemi za maksimalnu efikasnost<\/strong><\/p>\n<p>Razumemo slo\u017eenost integracije vi\u0161e sistema, posebno u velikim industrijskim ili komercijalnim okru\u017eenjima. Na\u0161e integracijske usluge su dizajnirane da obezbede da svi va\u0161i sistemi, od bezbednosti i za\u0161tite od po\u017eara do HVAC i upravljanja zgradama, neometano rade zajedno.<\/p>\n<p>Klju\u010dne prednosti uklju\u010duju:<\/p>\n<ul>\n<li class=\" translation-block\"><strong>Pobolj\u0161ana operativna efikasnost:<\/strong> Svi sistemi efikasno komuniciraju, smanjujuc\u0301i zastoje i pobolj\u0161avajuc\u0301i performanse.<\/li>\n<li class=\" translation-block\"><strong>Centralizovana kontrola:<\/strong> Pojednostavite upravljanje pomoc\u0301u integrisanih sistema za prac\u0301enje i kontrolu.<\/li>\n<li class=\" translation-block\"><strong>Povec\u0301ana bezbednost i pouzdanost:<\/strong> Uverite se da svi sistemi rade zajedno na za\u0161titi va\u0161e imovine.<\/li>\n<\/ul>\n<p>Na\u0161a integracijska re\u0161enja su prilago\u0111ena va\u0161im specifi\u010dnim potrebama, obezbe\u0111ujuc\u0301i nesmetan rad bez problema.<\/p>\n\n\t\t<\/div>\n\t<\/div>\n<\/div><\/div><\/div><\/div>\n<\/div>","protected":false},"excerpt":{"rendered":"Unifying Systems for Maximum Efficiency We understand the complexity of integrating multiple systems, especially in large-scale industrial or commercial environments. [...]","protected":false},"author":1,"featured_media":0,"parent":0,"menu_order":0,"comment_status":"closed","ping_status":"closed","template":"","meta":{"footnotes":""},"class_list":["post-117","page","type-page","status-publish","hentry"],"aioseo_notices":[],"_links":{"self":[{"href":"https:\/\/springtech.rs\/sr\/wp-json\/wp\/v2\/pages\/117","targetHints":{"allow":["GET"]}}],"collection":[{"href":"https:\/\/springtech.rs\/sr\/wp-json\/wp\/v2\/pages"}],"about":[{"href":"https:\/\/springtech.rs\/sr\/wp-json\/wp\/v2\/types\/page"}],"author":[{"embeddable":true,"href":"https:\/\/springtech.rs\/sr\/wp-json\/wp\/v2\/users\/1"}],"replies":[{"embeddable":true,"href":"https:\/\/springtech.rs\/sr\/wp-json\/wp\/v2\/comments?post=117"}],"version-history":[{"count":4,"href":"https:\/\/springtech.rs\/sr\/wp-json\/wp\/v2\/pages\/117\/revisions"}],"predecessor-version":[{"id":584,"href":"https:\/\/springtech.rs\/sr\/wp-json\/wp\/v2\/pages\/117\/revisions\/584"}],"wp:attachment":[{"href":"https:\/\/springtech.rs\/sr\/wp-json\/wp\/v2\/media?parent=117"}],"curies":[{"name":"wp","href":"https:\/\/api.w.org\/{rel}","templated":true}]}}