{"id":520,"date":"2024-09-25T09:44:44","date_gmt":"2024-09-25T09:44:44","guid":{"rendered":"https:\/\/springtech.rs\/?page_id=520"},"modified":"2025-05-05T13:03:47","modified_gmt":"2025-05-05T13:03:47","slug":"project-management","status":"publish","type":"page","link":"https:\/\/springtech.rs\/sr\/project-management\/","title":{"rendered":"Upravljanje projektima"},"content":{"rendered":"<div class=\"wpb-content-wrapper\"><div class=\"vc_row wpb_row vc_row-fluid\"><div class=\"wpb_column vc_column_container vc_col-sm-12\"><div class=\"vc_column-inner\"><div class=\"wpb_wrapper\">\n\t<div class=\"wpb_text_column wpb_content_element\" >\n\t\t<div class=\"wpb_wrapper\">\n\t\t\t<p><strong>Sveobuhvatan nadzor od po\u010detka do kraja<\/strong><\/p>\n<p>Na\u0161e usluge upravljanja projektima su okosnica uspe\u0161nog izvo\u0111enja projekta. Od po\u010detka do zavr\u0161etka, na\u0161 tim osigurava da se svaka faza pa\u017eljivo planira, nadgleda i kontroli\u0161e kako bi se ispunili va\u0161i ciljevi. Koristimo najsavremenije alate i metodologije za upravljanje projektima kako bismo va\u0161e projekte isporu\u010dili na vreme, u okviru obima i u okviru bud\u017eeta.<\/p>\n<p>Mi se bavimo:<\/p>\n<ul>\n<li class=\" translation-block\"><strong>Upravljanje vremenskom linijom:<\/strong> Odr\u017eavanje projekta prema planu.<\/li>\n<li class=\" translation-block\"><strong>Dodela resursa:<\/strong> Obezbe\u0111ivanje da se pravi resursi efikasno koriste.<\/li>\n<li class=\" translation-block\"><strong>Komunikacija sa zainteresovanim stranama:<\/strong> Omoguc\u0301avanje nesmetane interakcije izme\u0111u svih strana.<\/li>\n<li class=\" translation-block\"><strong>Ubla\u017eavanje rizika:<\/strong> Proaktivno identifikovanje i upravljanje rizicima da biste izbegli skupa ulaganja.<\/li>\n<\/ul>\n<p>Na\u0161 pristup je prilago\u0111en specifi\u010dnim zahtevima svakog klijenta, obezbe\u0111ujuc\u0301i kvalitetne rezultate uz minimalne smetnje u va\u0161em poslovanju.<\/p>\n\n\t\t<\/div>\n\t<\/div>\n<\/div><\/div><\/div><\/div>\n<\/div>","protected":false},"excerpt":{"rendered":"Comprehensive Oversight from Start to Finish Our project management services are the backbone of successful project execution. From inception to [...]","protected":false},"author":1,"featured_media":0,"parent":0,"menu_order":0,"comment_status":"closed","ping_status":"closed","template":"","meta":{"footnotes":""},"class_list":["post-520","page","type-page","status-publish","hentry"],"aioseo_notices":[],"_links":{"self":[{"href":"https:\/\/springtech.rs\/sr\/wp-json\/wp\/v2\/pages\/520","targetHints":{"allow":["GET"]}}],"collection":[{"href":"https:\/\/springtech.rs\/sr\/wp-json\/wp\/v2\/pages"}],"about":[{"href":"https:\/\/springtech.rs\/sr\/wp-json\/wp\/v2\/types\/page"}],"author":[{"embeddable":true,"href":"https:\/\/springtech.rs\/sr\/wp-json\/wp\/v2\/users\/1"}],"replies":[{"embeddable":true,"href":"https:\/\/springtech.rs\/sr\/wp-json\/wp\/v2\/comments?post=520"}],"version-history":[{"count":9,"href":"https:\/\/springtech.rs\/sr\/wp-json\/wp\/v2\/pages\/520\/revisions"}],"predecessor-version":[{"id":588,"href":"https:\/\/springtech.rs\/sr\/wp-json\/wp\/v2\/pages\/520\/revisions\/588"}],"wp:attachment":[{"href":"https:\/\/springtech.rs\/sr\/wp-json\/wp\/v2\/media?parent=520"}],"curies":[{"name":"wp","href":"https:\/\/api.w.org\/{rel}","templated":true}]}}