{"id":522,"date":"2024-09-25T09:44:59","date_gmt":"2024-09-25T09:44:59","guid":{"rendered":"https:\/\/springtech.rs\/?page_id=522"},"modified":"2025-05-05T13:05:36","modified_gmt":"2025-05-05T13:05:36","slug":"regulatory-compliance","status":"publish","type":"page","link":"https:\/\/springtech.rs\/sr\/regulatory-compliance\/","title":{"rendered":"Uskla\u0111enost sa propisima"},"content":{"rendered":"<div class=\"wpb-content-wrapper\"><div class=\"vc_row wpb_row vc_row-fluid\"><div class=\"wpb_column vc_column_container vc_col-sm-12\"><div class=\"vc_column-inner\"><div class=\"wpb_wrapper\">\n\t<div class=\"wpb_text_column wpb_content_element\" >\n\t\t<div class=\"wpb_wrapper\">\n\t\t\t<p><strong>Na\u0161 cilj je da osna\u017eimo va\u0161 tim da upravlja va\u0161im sistemima sa samopouzdanjem i efikasno\u0161c\u0301u.<\/strong><\/p>\n<p>Uskla\u0111enost sa industrijskim propisima je klju\u010dna za svaku operaciju. Na\u0161e usluge uskla\u0111enosti sa propisima osiguravaju da va\u0161i sistemi ispunjavaju sve lokalne i me\u0111unarodne standarde, poma\u017euc\u0301i vam da izbegnete kazne i obezbedite bezbednost va\u0161ih operacija.<\/p>\n<p>Nudimo:<\/p>\n<ul>\n<li class=\" translation-block\"><strong>Revizije uskla\u0111enosti:<\/strong> Obezbe\u0111ivanje da se svi sistemi pridr\u017eavaju va\u017eec\u0301ih propisa i kodeksa.<\/li>\n<li class=\" translation-block\"><strong>Podr\u0161ka za dokumentaciju:<\/strong> Poma\u017ee vam da odr\u017eavate neophodnu evidenciju za regulatorne inspekcije.<\/li>\n<li class=\" translation-block\"><strong>Stalno prac\u0301enje:<\/strong> Redovna a\u017euriranja kako bi se obezbedila kontinuirana uskla\u0111enost kako se propisi razvijaju.<\/li>\n<\/ul>\n<p>Na\u0161e usluge uskla\u0111enosti daju vam bezbri\u017enost, znajuc\u0301i da va\u0161i sistemi ispunjavaju sve neophodne pravne i bezbednosne standarde.<\/p>\n\n\t\t<\/div>\n\t<\/div>\n<\/div><\/div><\/div><\/div>\n<\/div>","protected":false},"excerpt":{"rendered":"Meeting Industry Standards with Confidence Staying compliant with industry regulations is critical for any operation. Our regulatory compliance services ensure [...]","protected":false},"author":1,"featured_media":0,"parent":0,"menu_order":0,"comment_status":"closed","ping_status":"closed","template":"","meta":{"footnotes":""},"class_list":["post-522","page","type-page","status-publish","hentry"],"aioseo_notices":[],"_links":{"self":[{"href":"https:\/\/springtech.rs\/sr\/wp-json\/wp\/v2\/pages\/522","targetHints":{"allow":["GET"]}}],"collection":[{"href":"https:\/\/springtech.rs\/sr\/wp-json\/wp\/v2\/pages"}],"about":[{"href":"https:\/\/springtech.rs\/sr\/wp-json\/wp\/v2\/types\/page"}],"author":[{"embeddable":true,"href":"https:\/\/springtech.rs\/sr\/wp-json\/wp\/v2\/users\/1"}],"replies":[{"embeddable":true,"href":"https:\/\/springtech.rs\/sr\/wp-json\/wp\/v2\/comments?post=522"}],"version-history":[{"count":3,"href":"https:\/\/springtech.rs\/sr\/wp-json\/wp\/v2\/pages\/522\/revisions"}],"predecessor-version":[{"id":589,"href":"https:\/\/springtech.rs\/sr\/wp-json\/wp\/v2\/pages\/522\/revisions\/589"}],"wp:attachment":[{"href":"https:\/\/springtech.rs\/sr\/wp-json\/wp\/v2\/media?parent=522"}],"curies":[{"name":"wp","href":"https:\/\/api.w.org\/{rel}","templated":true}]}}