{"id":524,"date":"2024-09-25T09:45:22","date_gmt":"2024-09-25T09:45:22","guid":{"rendered":"https:\/\/springtech.rs\/?page_id=524"},"modified":"2025-05-05T13:04:19","modified_gmt":"2025-05-05T13:04:19","slug":"engineering-design","status":"publish","type":"page","link":"https:\/\/springtech.rs\/sr\/engineering-design\/","title":{"rendered":"Razvoj re\u0161enja"},"content":{"rendered":"<div class=\"wpb-content-wrapper\"><div class=\"vc_row wpb_row vc_row-fluid\"><div class=\"wpb_column vc_column_container vc_col-sm-12\"><div class=\"vc_column-inner\"><div class=\"wpb_wrapper\">\n\t<div class=\"wpb_text_column wpb_content_element\" >\n\t\t<div class=\"wpb_wrapper\">\n\t\t\t<p><strong>Inovativna i prakti\u010dna in\u017eenjerska re\u0161enja<\/strong><\/p>\n<p>Na\u0161e usluge in\u017eenjerskog dizajna kombinuju inovativno razmi\u0161ljanje sa prakti\u010dnim primenama u stvarnom svetu. Sa dugogodi\u0161njim iskustvom u industriji, na\u0161i in\u017eenjeri su ve\u0161ti u projektovanju slo\u017eenih sistema za industrijsku, komercijalnu i stambenu upotrebu, obezbe\u0111ujuc\u0301i da va\u0161i sistemi budu funkcionalni i isplativi.<\/p>\n<p>Na\u0161a ponuda uklju\u010duje:<\/p>\n<ul>\n<li class=\" translation-block\"><strong>Ma\u0161inski i elektri\u010dni sistemi:<\/strong> Dizajniranje sistema visokih performansi za dugoro\u010dnu pouzdanost.<\/li>\n<li class=\" translation-block\"><strong>Prilago\u0111ena in\u017eenjerska re\u0161enja:<\/strong> Dizajni po meri da odgovore na jedinstvene izazove projekta.<\/li>\n<li class=\" translation-block\"><strong>Uskla\u0111enost sa propisima:<\/strong> Obezbe\u0111ivanje da dizajn ispunjava sve va\u017eec\u0301e kodove i standarde.<\/li>\n<\/ul>\n<p>Na\u0161i in\u017eenjerski dizajni su izgra\u0111eni na principima efikasnosti, sigurnosti i odr\u017eivosti, osiguravajuc\u0301i da va\u0161i sistemi funkcioni\u0161u optimalno tokom dugog perioda.<\/p>\n\n\t\t<\/div>\n\t<\/div>\n<\/div><\/div><\/div><\/div>\n<\/div>","protected":false},"excerpt":{"rendered":"Innovative and Practical Engineering Solutions Our engineering design services combine innovative thinking with practical, real-world applications. With years of industry [...]","protected":false},"author":1,"featured_media":0,"parent":0,"menu_order":0,"comment_status":"closed","ping_status":"closed","template":"","meta":{"footnotes":""},"class_list":["post-524","page","type-page","status-publish","hentry"],"aioseo_notices":[],"_links":{"self":[{"href":"https:\/\/springtech.rs\/sr\/wp-json\/wp\/v2\/pages\/524","targetHints":{"allow":["GET"]}}],"collection":[{"href":"https:\/\/springtech.rs\/sr\/wp-json\/wp\/v2\/pages"}],"about":[{"href":"https:\/\/springtech.rs\/sr\/wp-json\/wp\/v2\/types\/page"}],"author":[{"embeddable":true,"href":"https:\/\/springtech.rs\/sr\/wp-json\/wp\/v2\/users\/1"}],"replies":[{"embeddable":true,"href":"https:\/\/springtech.rs\/sr\/wp-json\/wp\/v2\/comments?post=524"}],"version-history":[{"count":6,"href":"https:\/\/springtech.rs\/sr\/wp-json\/wp\/v2\/pages\/524\/revisions"}],"predecessor-version":[{"id":725,"href":"https:\/\/springtech.rs\/sr\/wp-json\/wp\/v2\/pages\/524\/revisions\/725"}],"wp:attachment":[{"href":"https:\/\/springtech.rs\/sr\/wp-json\/wp\/v2\/media?parent=524"}],"curies":[{"name":"wp","href":"https:\/\/api.w.org\/{rel}","templated":true}]}}