{"id":526,"date":"2024-09-25T09:45:34","date_gmt":"2024-09-25T09:45:34","guid":{"rendered":"https:\/\/springtech.rs\/?page_id=526"},"modified":"2025-05-05T13:03:38","modified_gmt":"2025-05-05T13:03:38","slug":"procurement","status":"publish","type":"page","link":"https:\/\/springtech.rs\/sr\/procurement\/","title":{"rendered":"Nabavka"},"content":{"rendered":"<div class=\"wpb-content-wrapper\"><div class=\"vc_row wpb_row vc_row-fluid\"><div class=\"wpb_column vc_column_container vc_col-sm-12\"><div class=\"vc_column-inner\"><div class=\"wpb_wrapper\">\n\t<div class=\"wpb_text_column wpb_content_element\" >\n\t\t<div class=\"wpb_wrapper\">\n\t\t\t<p><strong>Prona\u0111ite najbolje proizvode za va\u0161e potrebe<\/strong><\/p>\n<p>Nabavka odgovarajuc\u0301ih materijala i opreme je klju\u010d uspeha svakog projekta. Na\u0161e usluge nabavke obezbe\u0111uju da dobijete najbolju vrednost za svoju investiciju, sa visokokvalitetnim proizvodima isporu\u010denim na vreme i u okviru bud\u017eeta.<\/p>\n<p>Nudimo:<\/p>\n<ul>\n<li class=\" translation-block\"><strong>Upravljanje dobavlja\u010dima:<\/strong> Radite sa pouzdanim dobavlja\u010dima kako biste dobili pouzdane proizvode.<\/li>\n<li class=\" translation-block\"><strong>Ekonomi\u010dna re\u0161enja:<\/strong> Obezbe\u0111ivanje najbolje vrednosti za va\u0161 bud\u017eet za nabavku.<\/li>\n<li class=\" translation-block\"><strong>Isporuka na vreme:<\/strong> Koordinacija logistike kako bi se obezbedila blagovremena isporuka svih materijala.<\/li>\n<\/ul>\n<p>Uz na\u0161e usluge nabavke, mo\u017eete biti sigurni da c\u0301e va\u0161 projekat ostati na pravom putu  iu okviru bud\u017eeta.<\/p>\n\n\t\t<\/div>\n\t<\/div>\n<\/div><\/div><\/div><\/div>\n<\/div>","protected":false},"excerpt":{"rendered":"Sourcing the Best Products for Your Needs Sourcing the right materials and equipment is key to the success of any [...]","protected":false},"author":1,"featured_media":0,"parent":0,"menu_order":0,"comment_status":"closed","ping_status":"closed","template":"","meta":{"footnotes":""},"class_list":["post-526","page","type-page","status-publish","hentry"],"aioseo_notices":[],"_links":{"self":[{"href":"https:\/\/springtech.rs\/sr\/wp-json\/wp\/v2\/pages\/526","targetHints":{"allow":["GET"]}}],"collection":[{"href":"https:\/\/springtech.rs\/sr\/wp-json\/wp\/v2\/pages"}],"about":[{"href":"https:\/\/springtech.rs\/sr\/wp-json\/wp\/v2\/types\/page"}],"author":[{"embeddable":true,"href":"https:\/\/springtech.rs\/sr\/wp-json\/wp\/v2\/users\/1"}],"replies":[{"embeddable":true,"href":"https:\/\/springtech.rs\/sr\/wp-json\/wp\/v2\/comments?post=526"}],"version-history":[{"count":4,"href":"https:\/\/springtech.rs\/sr\/wp-json\/wp\/v2\/pages\/526\/revisions"}],"predecessor-version":[{"id":587,"href":"https:\/\/springtech.rs\/sr\/wp-json\/wp\/v2\/pages\/526\/revisions\/587"}],"wp:attachment":[{"href":"https:\/\/springtech.rs\/sr\/wp-json\/wp\/v2\/media?parent=526"}],"curies":[{"name":"wp","href":"https:\/\/api.w.org\/{rel}","templated":true}]}}