{"id":528,"date":"2024-09-25T09:45:52","date_gmt":"2024-09-25T09:45:52","guid":{"rendered":"https:\/\/springtech.rs\/?page_id=528"},"modified":"2025-05-05T13:04:47","modified_gmt":"2025-05-05T13:04:47","slug":"installation","status":"publish","type":"page","link":"https:\/\/springtech.rs\/sr\/installation\/","title":{"rendered":"Instalacija"},"content":{"rendered":"<div class=\"wpb-content-wrapper\"><div class=\"vc_row wpb_row vc_row-fluid\"><div class=\"wpb_column vc_column_container vc_col-sm-12\"><div class=\"vc_column-inner\"><div class=\"wpb_wrapper\">\n\t<div class=\"wpb_text_column wpb_content_element\" >\n\t\t<div class=\"wpb_wrapper\">\n\t\t\t<p><strong>Stru\u010dna instalacija za optimalne performanse<\/strong><\/p>\n<p>Pravilna instalacija sistema je klju\u010dna za njihov u\u010dinak i dugove\u010dnost. Na\u0161i iskusni instalaterski timovi obezbe\u0111uju da svaka komponenta bude instalirana po najvi\u0161im standardima kvaliteta i bezbednosti.<\/p>\n<p>Na\u0161e usluge uklju\u010duju:<\/p>\n<ul>\n<li class=\" translation-block\"><strong>Profesionalna instalacija:<\/strong> Pridr\u017eavanje svih uputstava proizvo\u0111a\u010da i najboljih praksi u industriji.<\/li>\n<li class=\" translation-block\"><strong>Testiranje nakon instalacije:<\/strong> Provera da sistemi funkcioni\u0161u kako je predvi\u0111eno.<\/li>\n<li class=\" translation-block\"><strong>Minimalni prekidi:<\/strong> Obezbe\u0111ivanje da su instalacije zavr\u0161ene efikasno i sa minimalnim uticajem na va\u0161e dnevne operacije.<\/li>\n<\/ul>\n<p>Ponosni smo na na\u0161u pa\u017enju posvec\u0301enu detaljima, osiguravajuc\u0301i da svaka instalacija ispunjava najvi\u0161e standarde performansi i pouzdanosti.<\/p>\n\n\t\t<\/div>\n\t<\/div>\n<\/div><\/div><\/div><\/div>\n<\/div>","protected":false},"excerpt":{"rendered":"Expert Installation for Optimal Performance The proper installation of systems is crucial to their performance and longevity. At SPringTech.rs, our [...]","protected":false},"author":1,"featured_media":0,"parent":0,"menu_order":0,"comment_status":"closed","ping_status":"closed","template":"","meta":{"footnotes":""},"class_list":["post-528","page","type-page","status-publish","hentry"],"aioseo_notices":[],"_links":{"self":[{"href":"https:\/\/springtech.rs\/sr\/wp-json\/wp\/v2\/pages\/528","targetHints":{"allow":["GET"]}}],"collection":[{"href":"https:\/\/springtech.rs\/sr\/wp-json\/wp\/v2\/pages"}],"about":[{"href":"https:\/\/springtech.rs\/sr\/wp-json\/wp\/v2\/types\/page"}],"author":[{"embeddable":true,"href":"https:\/\/springtech.rs\/sr\/wp-json\/wp\/v2\/users\/1"}],"replies":[{"embeddable":true,"href":"https:\/\/springtech.rs\/sr\/wp-json\/wp\/v2\/comments?post=528"}],"version-history":[{"count":4,"href":"https:\/\/springtech.rs\/sr\/wp-json\/wp\/v2\/pages\/528\/revisions"}],"predecessor-version":[{"id":583,"href":"https:\/\/springtech.rs\/sr\/wp-json\/wp\/v2\/pages\/528\/revisions\/583"}],"wp:attachment":[{"href":"https:\/\/springtech.rs\/sr\/wp-json\/wp\/v2\/media?parent=528"}],"curies":[{"name":"wp","href":"https:\/\/api.w.org\/{rel}","templated":true}]}}