{"id":530,"date":"2024-09-25T09:46:02","date_gmt":"2024-09-25T09:46:02","guid":{"rendered":"https:\/\/springtech.rs\/?page_id=530"},"modified":"2025-05-05T13:05:05","modified_gmt":"2025-05-05T13:05:05","slug":"erection","status":"publish","type":"page","link":"https:\/\/springtech.rs\/sr\/erection\/","title":{"rendered":"Upravljanje"},"content":{"rendered":"<div class=\"wpb-content-wrapper\"><div class=\"vc_row wpb_row vc_row-fluid\"><div class=\"wpb_column vc_column_container vc_col-sm-12\"><div class=\"vc_column-inner\"><div class=\"wpb_wrapper\">\n\t<div class=\"wpb_text_column wpb_content_element\" >\n\t\t<div class=\"wpb_wrapper\">\n\t\t\t<p><strong>Preciznost u monta\u017ei sistema velikih razmera<\/strong><\/p>\n<p>Kada je u pitanju podizanje velikih objekata, preciznost i sigurnost su najva\u017eniji. Na\u0161e usluge monta\u017ee uklju\u010duju ugradnju slo\u017eenih mehani\u010dkih i elektri\u010dnih komponenti u industrijskim i komercijalnim okru\u017eenjima.<\/p>\n<p>Nudimo:<\/p>\n<ul>\n<li class=\" translation-block\"><strong>Priprema lokacije:<\/strong> Obezbe\u0111ivanje da su temelj i okolni prostori spremni za ugradnju.<\/li>\n<li class=\" translation-block\"><strong>Precizna monta\u017ea:<\/strong> Kori\u0161c\u0301enje najnovije tehnologije kako bi se osiguralo da je svaka komponenta ta\u010dno instalirana.<\/li>\n<li class=\" translation-block\"><strong>Upravljanje bezbedno\u0161c\u0301u:<\/strong> Pridr\u017eavanje strogih bezbednosnih standarda tokom celog procesa erekcije.<\/li>\n<\/ul>\n<p>Uz na\u0161e iskusne timove, mo\u017eete biti sigurni da c\u0301e va\u0161i sistemi biti postavljeni bezbedno i efikasno.<\/p>\n\n\t\t<\/div>\n\t<\/div>\n<\/div><\/div><\/div><\/div>\n<\/div>","protected":false},"excerpt":{"rendered":"Precision in Large-Scale System Erection When it comes to erecting large-scale structures, precision and safety are paramount. Our erection services [...]","protected":false},"author":1,"featured_media":0,"parent":0,"menu_order":0,"comment_status":"closed","ping_status":"closed","template":"","meta":{"footnotes":""},"class_list":["post-530","page","type-page","status-publish","hentry"],"aioseo_notices":[],"_links":{"self":[{"href":"https:\/\/springtech.rs\/sr\/wp-json\/wp\/v2\/pages\/530","targetHints":{"allow":["GET"]}}],"collection":[{"href":"https:\/\/springtech.rs\/sr\/wp-json\/wp\/v2\/pages"}],"about":[{"href":"https:\/\/springtech.rs\/sr\/wp-json\/wp\/v2\/types\/page"}],"author":[{"embeddable":true,"href":"https:\/\/springtech.rs\/sr\/wp-json\/wp\/v2\/users\/1"}],"replies":[{"embeddable":true,"href":"https:\/\/springtech.rs\/sr\/wp-json\/wp\/v2\/comments?post=530"}],"version-history":[{"count":4,"href":"https:\/\/springtech.rs\/sr\/wp-json\/wp\/v2\/pages\/530\/revisions"}],"predecessor-version":[{"id":582,"href":"https:\/\/springtech.rs\/sr\/wp-json\/wp\/v2\/pages\/530\/revisions\/582"}],"wp:attachment":[{"href":"https:\/\/springtech.rs\/sr\/wp-json\/wp\/v2\/media?parent=530"}],"curies":[{"name":"wp","href":"https:\/\/api.w.org\/{rel}","templated":true}]}}