{"id":532,"date":"2024-09-25T09:46:14","date_gmt":"2024-09-25T09:46:14","guid":{"rendered":"https:\/\/springtech.rs\/?page_id=532"},"modified":"2025-05-05T13:04:56","modified_gmt":"2025-05-05T13:04:56","slug":"commissioning","status":"publish","type":"page","link":"https:\/\/springtech.rs\/sr\/commissioning\/","title":{"rendered":"Pu\u0161tanje u rad"},"content":{"rendered":"<div class=\"wpb-content-wrapper\"><div class=\"vc_row wpb_row vc_row-fluid\"><div class=\"wpb_column vc_column_container vc_col-sm-12\"><div class=\"vc_column-inner\"><div class=\"wpb_wrapper\">\n\t<div class=\"wpb_text_column wpb_content_element\" >\n\t\t<div class=\"wpb_wrapper\">\n\t\t\t<p><strong>Uverite se da su sistemi spremni za rad<\/strong><\/p>\n<p>Pu\u0161tanje u rad je kriti\u010dan korak u uspe\u0161noj primeni bilo kog sistema. Na\u0161e usluge pu\u0161tanja u rad uklju\u010duju sveobuhvatno testiranje i kalibraciju kako bismo osigurali da svi instalirani sistemi ispunjavaju svoje projektne specifikacije i da su spremni za rad.<\/p>\n<p>Na\u0161e usluge pu\u0161tanja u rad uklju\u010duju:<\/p>\n<ul>\n<li class=\" translation-block\"><strong>Verifikacija performansi:<\/strong> Obezbe\u0111ivanje da sistemi rade kako je predvi\u0111eno u uslovima stvarnog sveta.<\/li>\n<li class=\" translation-block\"><strong>Bezbednosne provere:<\/strong> Provera da su svi bezbednosni protokoli postavljeni i da ispravno funkcioni\u0161u.<\/li>\n<li class=\" translation-block\"><strong>Uskla\u0111enost sa propisima:<\/strong> Obezbe\u0111ivanje da sistemi ispunjavaju sve primenljive propise i standarde.<\/li>\n<\/ul>\n<p>Temeljnim testiranjem i verifikacijom svakog sistema garantujemo optimalne performanse i pouzdanost od prvog dana.<\/p>\n\n\t\t<\/div>\n\t<\/div>\n<\/div><\/div><\/div><\/div>\n<\/div>","protected":false},"excerpt":{"rendered":"Ensuring Systems Are Ready for Operation Commissioning is a critical step in the successful deployment of any system. Our commissioning [...]","protected":false},"author":1,"featured_media":0,"parent":0,"menu_order":0,"comment_status":"closed","ping_status":"closed","template":"","meta":{"footnotes":""},"class_list":["post-532","page","type-page","status-publish","hentry"],"aioseo_notices":[],"_links":{"self":[{"href":"https:\/\/springtech.rs\/sr\/wp-json\/wp\/v2\/pages\/532","targetHints":{"allow":["GET"]}}],"collection":[{"href":"https:\/\/springtech.rs\/sr\/wp-json\/wp\/v2\/pages"}],"about":[{"href":"https:\/\/springtech.rs\/sr\/wp-json\/wp\/v2\/types\/page"}],"author":[{"embeddable":true,"href":"https:\/\/springtech.rs\/sr\/wp-json\/wp\/v2\/users\/1"}],"replies":[{"embeddable":true,"href":"https:\/\/springtech.rs\/sr\/wp-json\/wp\/v2\/comments?post=532"}],"version-history":[{"count":4,"href":"https:\/\/springtech.rs\/sr\/wp-json\/wp\/v2\/pages\/532\/revisions"}],"predecessor-version":[{"id":580,"href":"https:\/\/springtech.rs\/sr\/wp-json\/wp\/v2\/pages\/532\/revisions\/580"}],"wp:attachment":[{"href":"https:\/\/springtech.rs\/sr\/wp-json\/wp\/v2\/media?parent=532"}],"curies":[{"name":"wp","href":"https:\/\/api.w.org\/{rel}","templated":true}]}}