{"id":592,"date":"2024-09-27T07:59:01","date_gmt":"2024-09-27T07:59:01","guid":{"rendered":"https:\/\/springtech.rs\/?page_id=592"},"modified":"2026-03-27T23:50:25","modified_gmt":"2026-03-27T23:50:25","slug":"licences-certifications","status":"publish","type":"page","link":"https:\/\/springtech.rs\/sr\/licences-certifications\/","title":{"rendered":"Licence i Sertifikati"},"content":{"rendered":"<div class=\"wpb-content-wrapper\"><div data-vc-full-width=\"true\" data-vc-full-width-init=\"false\" data-vc-stretch-content=\"true\" class=\"vc_row wpb_row vc_row-fluid wpb_animate_when_almost_visible wpb_fadeIn fadeIn vc_custom_1774655423861 vc_row-has-padding-top vc_row-has-padding-left vc_row-has-padding-right\"><div class=\"wpb_column vc_column_container vc_col-sm-12\"><div class=\"vc_column-inner\"><div class=\"wpb_wrapper\"><header class=\"kd-section-title col-lg-12 text-left\" ><h3 class=\"separator_off\" >Licences & Certifications<\/h3><\/header><\/div><\/div><\/div><\/div><div class=\"vc_row-full-width vc_clearfix\"><\/div><div data-vc-full-width=\"true\" data-vc-full-width-init=\"false\" data-vc-stretch-content=\"true\" class=\"vc_row wpb_row vc_row-fluid wpb_animate_when_almost_visible wpb_fadeIn fadeIn vc_custom_1774653587340 vc_row-has-padding-left vc_row-has-padding-right\"><div class=\"wpb_column vc_column_container vc_col-sm-12\"><div class=\"vc_column-inner\"><div class=\"wpb_wrapper\">\n\t<div class=\"wpb_raw_code wpb_raw_html wpb_content_element\" >\n\t\t<div class=\"wpb_wrapper\">\n\t\t\t<style>\n    .lsc * {\n        box-sizing: border-box;\n        font-family: inherit;\n        margin: 0;\n        padding: 0;\n    }\n\n    .lsc {\n        width: 100%;\n    }\n\n    .lsc-section-title {\n        font-size: 0.95rem;\n        font-weight: 700;\n        color: #111;\n        margin-bottom: 12px;\n    }\n\n    .lsc-section {\n        margin-bottom: 28px;\n    }\n\n    .lsc-grid-3 {\n        display: grid;\n        grid-template-columns: repeat(3, 1fr);\n        gap: 14px;\n    }\n\n    .lsc-grid {\n        display: grid;\n        grid-template-columns: repeat(4, 1fr);\n        gap: 14px;\n    }\n\n    .lsc-card {\n        background: #fff;\n        border: 1px solid #e4e4e4;\n        border-radius: 6px;\n        padding: 18px 18px 16px;\n        display: flex;\n        flex-direction: column;\n        justify-content: space-between;\n        min-height: 110px;\n    }\n\n    .lsc-card-name {\n        font-size: 0.85rem;\n        font-weight: 600;\n        line-height: 1.45;\n        color: #111;\n    }\n\n    .lsc-card-bottom {\n        display: flex;\n        align-items: center;\n        justify-content: flex-end;\n        margin-top: 16px;\n    }\n\n    .lsc-card-logo {\n        height: 32px;\n        width: 32px;\n        max-width: 32px;\n        max-height: 32px;\n        object-fit: contain;\n        display: block;\n        flex-shrink: 0;\n    }\n\n    .lsc-card-desc {\n        font-size: 0.78rem;\n        font-weight: 400;\n        color: #555;\n        line-height: 1.5;\n        margin-top: 6px;\n    }\n\n    @media (max-width: 1060px) {\n        .lsc-grid {\n            grid-template-columns: repeat(3, 1fr);\n        }\n        .lsc-grid-3 {\n            grid-template-columns: repeat(3, 1fr);\n        }\n    }\n    @media (max-width: 720px) {\n        .lsc-grid {\n            grid-template-columns: repeat(2, 1fr);\n        }\n        .lsc-grid-3 {\n            grid-template-columns: repeat(2, 1fr);\n        }\n    }\n    @media (max-width: 440px) {\n        .lsc-grid {\n            grid-template-columns: 1fr;\n        }\n        .lsc-grid-3 {\n            grid-template-columns: 1fr;\n        }\n    }\n<\/style>\n\n<div class=\"lsc\">\n    <div class=\"lsc-section\">\n        <div class=\"lsc-grid-3\">\n            <div class=\"lsc-card\">\n                <div>\n                    <p class=\"lsc-card-name\">Sistemi dojave po\u017eara<\/p>\n                    <p class=\"lsc-card-desc\">\n                        Inicijalna i periodi\u010dna ispitivanja automatske opreme za\n                        detekciju po\u017eara i alarmnih instalacija.\n                    <\/p>\n                <\/div>\n                <div class=\"lsc-card-bottom\">\n                    <img decoding=\"async\"\n                        class=\"lsc-card-logo\"\n                        src=\"https:\/\/springtech.rs\/wp-content\/uploads\/ats.svg\"\n                        alt=\"ATS\"\n                    \/>\n                <\/div>\n            <\/div>\n\n            <div class=\"lsc-card\">\n                <div>\n                    <p class=\"lsc-card-name\">Sistemi za ga\u0161enje po\u017eara<\/p>\n                    <p class=\"lsc-card-desc\">\n                        Sertifikovana ispitivanja opreme za ga\u0161enje i\n                        instalacija za ga\u0161enje po\u017eara.\n                    <\/p>\n                <\/div>\n                <div class=\"lsc-card-bottom\">\n                    <img decoding=\"async\"\n                        class=\"lsc-card-logo\"\n                        src=\"https:\/\/springtech.rs\/wp-content\/uploads\/ats.svg\"\n                        alt=\"ATS\"\n                    \/>\n                <\/div>\n            <\/div>\n\n            <div class=\"lsc-card\">\n                <div>\n                    <p class=\"lsc-card-name\">Sistemi detekcije gasa<\/p>\n                    <p class=\"lsc-card-desc\">\n                        Specijalizovana ispitivanja opreme za detekciju\n                        eksplozivnih i zapaljivih gasova.\n                    <\/p>\n                <\/div>\n                <div class=\"lsc-card-bottom\">\n                    <img decoding=\"async\"\n                        class=\"lsc-card-logo\"\n                        src=\"https:\/\/springtech.rs\/wp-content\/uploads\/ats.svg\"\n                        alt=\"ATS\"\n                    \/>\n                <\/div>\n            <\/div>\n        <\/div>\n    <\/div>\n\n    <div class=\"lsc-grid\">\n        <div class=\"lsc-card\">\n            <p class=\"lsc-card-name\">ISO 9001<\/p>\n            <div class=\"lsc-card-bottom\">\n                <img decoding=\"async\"\n                    class=\"lsc-card-logo\"\n                    src=\"https:\/\/springtech.rs\/wp-content\/uploads\/iso.svg\"\n                    alt=\"ISO\"\n                \/>\n            <\/div>\n        <\/div>\n\n        <div class=\"lsc-card\">\n            <p class=\"lsc-card-name\">ISO 27001<\/p>\n            <div class=\"lsc-card-bottom\">\n                <img decoding=\"async\"\n                    class=\"lsc-card-logo\"\n                    src=\"https:\/\/springtech.rs\/wp-content\/uploads\/iso.svg\"\n                    alt=\"ISO\"\n                \/>\n            <\/div>\n        <\/div>\n\n        <div class=\"lsc-card\">\n            <p class=\"lsc-card-name\">ISO 14001<\/p>\n            <div class=\"lsc-card-bottom\">\n                <img decoding=\"async\"\n                    class=\"lsc-card-logo\"\n                    src=\"https:\/\/springtech.rs\/wp-content\/uploads\/iso.svg\"\n                    alt=\"ISO\"\n                \/>\n            <\/div>\n        <\/div>\n\n        <div class=\"lsc-card\">\n            <p class=\"lsc-card-name\">ISO 45001<\/p>\n            <div class=\"lsc-card-bottom\">\n                <img decoding=\"async\"\n                    class=\"lsc-card-logo\"\n                    src=\"https:\/\/springtech.rs\/wp-content\/uploads\/iso.svg\"\n                    alt=\"ISO\"\n                \/>\n            <\/div>\n        <\/div>\n\n        <div class=\"lsc-card\">\n            <p class=\"lsc-card-name\">\n                Licenca odgovornog projektanta (In\u017eenjerska komora Srbije)\n            <\/p>\n            <div class=\"lsc-card-bottom\">\n                <img decoding=\"async\"\n                    class=\"lsc-card-logo\"\n                    src=\"https:\/\/springtech.rs\/wp-content\/uploads\/serbia-coat.png\"\n                    alt=\"In\u017eenjerska komora Srbije\"\n                \/>\n            <\/div>\n        <\/div>\n\n        <div class=\"lsc-card\">\n            <p class=\"lsc-card-name\">\n                Licenca odgovornog izvo\u0111a\u010da (In\u017eenjerska komora Srbije)\n            <\/p>\n            <div class=\"lsc-card-bottom\">\n                <img decoding=\"async\"\n                    class=\"lsc-card-logo\"\n                    src=\"https:\/\/springtech.rs\/wp-content\/uploads\/serbia-coat.png\"\n                    alt=\"In\u017eenjerska komora Srbije\"\n                \/>\n            <\/div>\n        <\/div>\n\n        <div class=\"lsc-card\">\n            <p class=\"lsc-card-name\">\n                Licence za projektovanje i izvo\u0111enje posebnih sistema za\u0161tite od\n                po\u017eara\n            <\/p>\n            <div class=\"lsc-card-bottom\">\n                <img decoding=\"async\"\n                    class=\"lsc-card-logo\"\n                    src=\"https:\/\/springtech.rs\/wp-content\/uploads\/serbia-coat.png\"\n                    alt=\"In\u017eenjerska komora Srbije\"\n                \/>\n            <\/div>\n        <\/div>\n\n        <div class=\"lsc-card\">\n            <p class=\"lsc-card-name\">\n                Ministarstvo unutra\u0161njih poslova (B1, B2, B3, B4, B5, B6)\n            <\/p>\n            <div class=\"lsc-card-bottom\">\n                <img decoding=\"async\"\n                    class=\"lsc-card-logo\"\n                    src=\"https:\/\/springtech.rs\/wp-content\/uploads\/serbia-coat.png\"\n                    alt=\"MUP\"\n                \/>\n            <\/div>\n        <\/div>\n\n        <div class=\"lsc-card\">\n            <p class=\"lsc-card-name\">\n                Licenca za procenu rizika u za\u0161titi lica, imovine i poslovanja\n            <\/p>\n            <div class=\"lsc-card-bottom\">\n                <img decoding=\"async\"\n                    class=\"lsc-card-logo\"\n                    src=\"https:\/\/springtech.rs\/wp-content\/uploads\/serbia-coat.png\"\n                    alt=\"MUP\"\n                \/>\n            <\/div>\n        <\/div>\n\n        <div class=\"lsc-card\">\n            <p class=\"lsc-card-name\">\n                Licenca za planiranje tehni\u010dkih sistema obezbe\u0111enja\n            <\/p>\n            <div class=\"lsc-card-bottom\">\n                <img decoding=\"async\"\n                    class=\"lsc-card-logo\"\n                    src=\"https:\/\/springtech.rs\/wp-content\/uploads\/serbia-coat.png\"\n                    alt=\"MUP\"\n                \/>\n            <\/div>\n        <\/div>\n\n        <div class=\"lsc-card\">\n            <p class=\"lsc-card-name\">\n                Licenca za ugradnju, pu\u0161tanje u rad, odr\u017eavanje i obuku\n                korisnika tehni\u010dkih sistema obezbe\u0111enja\n            <\/p>\n            <div class=\"lsc-card-bottom\">\n                <img decoding=\"async\"\n                    class=\"lsc-card-logo\"\n                    src=\"https:\/\/springtech.rs\/wp-content\/uploads\/serbia-coat.png\"\n                    alt=\"MUP\"\n                \/>\n            <\/div>\n        <\/div>\n\n        <div class=\"lsc-card\">\n            <p class=\"lsc-card-name\">\n                Sertifikati za izvo\u0111enje i odr\u017eavanje ure\u0111aja i instalacija u Ex\n                okru\u017eenjima\n            <\/p>\n            <div class=\"lsc-card-bottom\">\n                <img decoding=\"async\"\n                    class=\"lsc-card-logo\"\n                    src=\"https:\/\/springtech.rs\/wp-content\/uploads\/ex.png\"\n                    alt=\"Ex\"\n                \/>\n            <\/div>\n        <\/div>\n\n        <div class=\"lsc-card\">\n            <p class=\"lsc-card-name\">\n                Sertifikati iz upravljanja projektima &#8212; napredne tehnike\n            <\/p>\n            <div class=\"lsc-card-bottom\">\n                <img decoding=\"async\"\n                    class=\"lsc-card-logo\"\n                    src=\"https:\/\/springtech.rs\/wp-content\/uploads\/ats.svg\"\n                    alt=\"ATS\"\n                \/>\n            <\/div>\n        <\/div>\n    <\/div>\n<\/div>\n\n\t\t<\/div>\n\t<\/div>\n<\/div><\/div><\/div><\/div><div class=\"vc_row-full-width vc_clearfix\"><\/div>\n<\/div>","protected":false},"excerpt":{"rendered":"Licences & Certifications Sistemi dojave po\u017eara Inicijalna i periodi\u010dna ispitivanja automatske opreme za detekciju po\u017eara i alarmnih instalacija. Sistemi za [...]","protected":false},"author":1,"featured_media":0,"parent":0,"menu_order":0,"comment_status":"closed","ping_status":"closed","template":"","meta":{"footnotes":""},"class_list":["post-592","page","type-page","status-publish","hentry"],"aioseo_notices":[],"_links":{"self":[{"href":"https:\/\/springtech.rs\/sr\/wp-json\/wp\/v2\/pages\/592","targetHints":{"allow":["GET"]}}],"collection":[{"href":"https:\/\/springtech.rs\/sr\/wp-json\/wp\/v2\/pages"}],"about":[{"href":"https:\/\/springtech.rs\/sr\/wp-json\/wp\/v2\/types\/page"}],"author":[{"embeddable":true,"href":"https:\/\/springtech.rs\/sr\/wp-json\/wp\/v2\/users\/1"}],"replies":[{"embeddable":true,"href":"https:\/\/springtech.rs\/sr\/wp-json\/wp\/v2\/comments?post=592"}],"version-history":[{"count":32,"href":"https:\/\/springtech.rs\/sr\/wp-json\/wp\/v2\/pages\/592\/revisions"}],"predecessor-version":[{"id":960,"href":"https:\/\/springtech.rs\/sr\/wp-json\/wp\/v2\/pages\/592\/revisions\/960"}],"wp:attachment":[{"href":"https:\/\/springtech.rs\/sr\/wp-json\/wp\/v2\/media?parent=592"}],"curies":[{"name":"wp","href":"https:\/\/api.w.org\/{rel}","templated":true}]}}