{"id":89,"date":"2023-09-23T10:29:28","date_gmt":"2023-09-23T10:29:28","guid":{"rendered":"https:\/\/springtech.rs\/?page_id=89"},"modified":"2026-03-28T00:18:46","modified_gmt":"2026-03-28T00:18:46","slug":"systems","status":"publish","type":"page","link":"https:\/\/springtech.rs\/sr\/systems\/","title":{"rendered":"Sistemi"},"content":{"rendered":"<div class=\"wpb-content-wrapper\"><div data-vc-full-width=\"true\" data-vc-full-width-init=\"false\" data-vc-stretch-content=\"true\" class=\"vc_row wpb_row vc_row-fluid vc_custom_1774657046416 vc_row-has-padding-top vc_row-has-padding-left vc_row-has-padding-right\"><div class=\"wpb_column vc_column_container vc_col-sm-12\"><div class=\"vc_column-inner\"><div class=\"wpb_wrapper\"><header class=\"kd-section-title col-lg-12 text-left\" ><h3 class=\"separator_off\" >Sistemi<\/h3><\/header>\n\t<div  class=\"wpb_single_image wpb_content_element vc_align_left wpb_content_element\">\n\t\t\n\t\t<figure class=\"wpb_wrapper vc_figure\">\n\t\t\t<div class=\"vc_single_image-wrapper   vc_box_border_grey\"><img decoding=\"async\" class=\"vc_single_image-img\" src=\"https:\/\/springtech.rs\/wp-content\/uploads\/power-distribution-panels2-1380x400.jpg\" width=\"1380\" height=\"400\" alt=\"power-distribution-panels2\" title=\"power-distribution-panels2\" \/><\/div>\n\t\t<\/figure>\n\t<\/div>\n\n\t<div class=\"wpb_text_column wpb_content_element vc_custom_1695889759596\" >\n\t\t<div class=\"wpb_wrapper\">\n\t\t\t<h4 class=\"elementor-cta__title elementor-cta__content-item elementor-content-item\">Sistemi za za\u0161titu od po\u017eara<\/h4>\n<p class=\"elementor-cta__description elementor-cta__content-item elementor-content-item\">Sistemi za za\u0161titu od po\u017eara su su\u0161tinski deo sistema bezbednosti i bezbednosti bilo kog postrojenja ili zgrade, dizajnirani da brzo otkriju, suzbiju i ubla\u017ee uticaj po\u017eara, spre\u010davajuc\u0301i njihovo \u0161irenje i izazivanje \u0161tete.<\/p>\n<p>Ovi sveobuhvatni sistemi obuhvataju razli\u010dite kriti\u010dne komponente, uklju\u010dujuc\u0301i: po\u017earne alarme, prskalice, aparate za ga\u0161enje po\u017eara i sisteme za suzbijanje, izme\u0111u ostalog.<\/p>\n<p class=\" translation-block\"><strong>Protivpo\u017earni alarmi:<\/strong>Oni slu\u017ee kao po\u010detna linija odbrane od po\u017eara. Opremljeni senzorima dima i toplote, protivpo\u017earni alarmi mogu brzo da identifikuju prisustvo po\u017eara. Kada se detektuje po\u017ear, oni aktiviraju zvu\u010dna i vizuelna upozorenja, omoguc\u0301avajuc\u0301i stanarima da bezbedno evakui\u0161u prostorije. Protivpo\u017earni alarmi su klju\u010dna veza izme\u0111u ranog otkrivanja i bezbednosti stanara zgrade.<\/p>\n<p class=\" translation-block\"><strong>Sistemi za ga\u0161enje po\u017eara:<\/strong>\u00a0Dizajnirani da brzo reaguju na po\u017eare, sistemi za ga\u0161enje po\u017eara igraju klju\u010dnu ulogu u njihovom obuzdavanju. Ovi sistemi osloba\u0111aju vodu ili specijalizovana sredstva za ga\u0161enje po\u017eara kako bi suzbili \u0161irenje po\u017eara i ograni\u010dili njegovu sposobnost da izazove veliku \u0161tetu. Posebno su efikasni u spre\u010davanju da po\u017eari postanu nekontrolisani pali.<\/p>\n<p class=\" translation-block\"><strong>Aparati za ga\u0161enje po\u017eara:\u00a0<\/strong>Prenosivi i svestrani, aparati za ga\u0161enje po\u017eara pru\u017eaju trenutno sredstvo za ga\u0161enje po\u017eara u njihovim po\u010detnim fazama. Omoguc\u0301avajuc\u0301i obu\u010denim pojedincima da se nose sa manjim po\u017earima pre nego \u0161to eskaliraju, aparati za ga\u0161enje po\u017eara mogu zna\u010dajno smanjiti moguc\u0301nost materijalne \u0161tete i povreda.<\/p>\n<p class=\" translation-block\"><strong>Sistemi za suzbijanje po\u017eara:<\/strong> Odre\u0111ena okru\u017eenja, kao \u0161to su serverske sobe ili podru\u010dja sa opasnim materijalima, zahtevaju specijalizovane sisteme za suzbijanje po\u017eara. Ovi sistemi \u010desto koriste tehnologije na bazi gasa dizajnirane za brzo i efikasno ga\u0161enje po\u017eara u situacijama gde tradicionalne metode mogu biti manje pogodne.<\/p>\n<p>Efikasnost sistema protivpo\u017earne za\u0161tite zavisi od nekoliko kriti\u010dnih faktora:<\/p>\n<p class=\" translation-block\"><strong>Pravilan dizajn:<\/strong> Sistemi moraju biti pa\u017eljivo projektovani kako bi zadovoljili specifi\u010dne potrebe i rizike objekta. Ovo uklju\u010duje razmatranje faktora kao \u0161to su raspored zgrade, popunjenost i potencijalne opasnosti od po\u017eara.<br>\nInstalacija: Pravilna instalacija osigurava da sve komponente besprekorno funkcioni\u0161u kao jedinstveni sistem. Nepravilna instalacija mo\u017ee ugroziti efikasnost sistema.<\/p>\n<p class=\" translation-block\"><strong>Redovno odr\u017eavanje:<\/strong>\u00a0Rutinsko odr\u017eavanje je od najvec\u0301e va\u017enosti. Ono osigurava da sve komponente ostanu u optimalnom radnom stanju. Zanemarivanje odr\u017eavanja mo\u017ee dovesti do la\u017enih uzbuna ili, \u0161to je jo\u0161 kriti\u010dnije, kvarova sistema kada je to najpotrebnije. Sistemi za za\u0161titu od po\u017eara igraju vitalnu ulogu u za\u0161titi \u017eivota i imovine, smanjenju rizika od povreda i gubitaka i obezbe\u0111ivanju bezbednosti i sigurnosti zgrada.<\/p>\n<p>Sistemi za za\u0161titu od po\u017eara slu\u017ee kao bedem protiv razornog uticaja po\u017eara. Oni su instrumentalni u za\u0161titi ljudskih \u017eivota i imovine, ubla\u017eavanju rizika od povreda i gubitaka i odr\u017eavanju bezbednosti i sigurnosti zgrada i objekata.<\/p>\n\n\t\t<\/div>\n\t<\/div>\n\n\t<div  class=\"wpb_single_image wpb_content_element vc_align_left wpb_content_element\">\n\t\t\n\t\t<figure class=\"wpb_wrapper vc_figure\">\n\t\t\t<div class=\"vc_single_image-wrapper   vc_box_border_grey\"><img decoding=\"async\" class=\"vc_single_image-img\" src=\"https:\/\/springtech.rs\/wp-content\/uploads\/sec-panels2-1301x400.jpg\" width=\"1301\" height=\"400\" alt=\"sec-panels2\" title=\"sec-panels2\" \/><\/div>\n\t\t<\/figure>\n\t<\/div>\n\n\t<div class=\"wpb_text_column wpb_content_element vc_custom_1695889753109\" >\n\t\t<div class=\"wpb_wrapper\">\n\t\t\t<h4 class=\"elementor-cta__title elementor-cta__content-item elementor-content-item\">Obezbe\u0111ivanje bezbednosti i sigurnosti<\/h4>\n<p class=\"elementor-cta__description elementor-cta__content-item elementor-content-item\">Sigurnosni sistemi predstavljaju vitalnu komponentu bezbednosne i bezbednosne infrastrukture svake zgrade, pa\u017eljivo dizajnirani ne samo da identifikuju i obeshrabre potencijalne uljeze, vec\u0301 i da nadgledaju aktivnosti unutar prostorija i spre\u010de neovla\u0161c\u0301eni pristup.<\/p>\n<p>Ovi sigurnosni sistemi obuhvataju niz osnovnih elemenata, uklju\u010dujuc\u0301i:<\/p>\n<p class=\" translation-block\"><b>Sistemi kontrole pristupa:<\/b> Ovi sistemi koriste razli\u010dite tehnologije poput kartica, biometrije ili PIN kodova za regulisanje ulaza, osiguravajuc\u0301i da samo ovla\u0161c\u0301ene osobe imaju pristup. Ovo slu\u017ei dvostrukoj svrsi: spre\u010davanju neovla\u0161c\u0301enog ulaska i smanjenju rizika od kra\u0111e i vandalizma.<br>\n<b><br>\nNadzorne kamere:<\/b>Nadzorne kamere slu\u017ee kao budne o\u010di unutar zgrade, nudec\u0301i vizuelni zapis aktivnosti. Ovaj snimak je neprocenjiv za obezbe\u0111enje, omoguc\u0301avajuc\u0301i im da prate tekuc\u0301e aktivnosti, pregledaju pro\u0161le doga\u0111aje i efikasno istra\u017euju incidente.<\/p>\n<p class=\" translation-block\"><b>Senzori pokreta:\u00a0<\/b>Senzori pokreta su tihi \u010duvari koji detektuju svako neovla\u0161c\u0301eno kretanje unutar prostorija. Kada se aktiviraju, pokrec\u0301u alarme, odmah obave\u0161tavajuc\u0301i obezbe\u0111enje o potencijalnim upadima ili sumnjivim aktivnostima.<\/p>\n<p class=\" translation-block\"><b>Alarmi:\u00a0<\/b>Alarmi su sistemi glasovnog i vizuelnog upozorenja koji obave\u0161tavaju i stanare i bezbednosne timove o potencijalnim pretnjama. Oni slu\u017ee kao mehanizam ranog upozoravanja, omoguc\u0301avajuc\u0301i brze reakcije kako bi se ubla\u017eili rizici i spre\u010dila dalja \u0161teta ili o\u0161tec\u0301enja.<\/p>\n<p>Sigurnosni sistemi su nezaobilazni \u010duvari ljudi i imovine, ubla\u017eavajuc\u0301i rizike od kra\u0111e, vandalizma i nasilja. Oni predstavljaju prvu liniju odbrane u odr\u017eavanju bezbednosti i bezbednosti zgrada, obezbe\u0111ujuc\u0301i dobrobit stanara i za\u0161titu vredne imovine.<\/p>\n\n\t\t<\/div>\n\t<\/div>\n\n\t<div  class=\"wpb_single_image wpb_content_element vc_align_left wpb_content_element\">\n\t\t\n\t\t<figure class=\"wpb_wrapper vc_figure\">\n\t\t\t<div class=\"vc_single_image-wrapper   vc_box_border_grey\"><img decoding=\"async\" class=\"vc_single_image-img\" src=\"https:\/\/springtech.rs\/wp-content\/uploads\/HVAC-Systems-1352x400.jpg\" width=\"1352\" height=\"400\" alt=\"HVAC-Systems\" title=\"HVAC-Systems\" \/><\/div>\n\t\t<\/figure>\n\t<\/div>\n\n\t<div class=\"wpb_text_column wpb_content_element vc_custom_1695889791909\" >\n\t\t<div class=\"wpb_wrapper\">\n\t\t\t<h4 class=\"elementor-cta__title elementor-cta__content-item elementor-content-item\">HVAC Sistemi<\/h4>\n<p class=\"elementor-cta__description elementor-cta__content-item elementor-content-item\">HVAC (grejanje, ventilacija i klimatizacija) sistemi su integralne komponente iu komercijalnim i stambenim zgradama, odgovorne za regulisanje unutra\u0161nje klime i kvaliteta vazduha.<\/p>\n<p class=\" translation-block\"><b>Primarna uloga HVAC sistema<\/b> je odr\u017eavanje kvaliteta vazduha u zatvorenom prostoru i toplotnog komfora, stvarajuc\u0301i povoljno i zdravo okru\u017eenje za stanare. HVAC sistemi se sastoje od razli\u010ditih komponenti, uklju\u010dujuc\u0301i jedinice za obradu vazduha, rashladne ure\u0111aje, kotlove, kanale i kontrolne sisteme.<\/p>\n<p class=\" translation-block\">Dostupne su razli\u010dite vrste HVAC sistema, kao \u0161to su paketni sistemi, split sistemi, sistemi sa promenljivom zapreminom vazduha (VAV) i geotermalni sistemi, a svaki je prilago\u0111en specifi\u010dnim potrebama i okolnostima.<\/p>\n<p>Va\u017eno je naglasiti da HVAC sistemi koriste zna\u010dajnu koli\u010dinu energije zgrade, nagla\u0161avajuc\u0301i vitalnu va\u017enost postavljanja prioriteta energetske efikasnosti u ovom pogledu.<\/p>\n<p class=\" translation-block\"><b>Napredak<\/b> u HVAC tehnologiji, uklju\u010dujuc\u0301i pogone sa promenljivom brzinom, sisteme za rekuperaciju energije i inteligentne kontrole, zna\u010dajno je pobolj\u0161ao energetsku efikasnost, \u0161to je rezultiralo smanjenjem operativnih tro\u0161kova.<\/p>\n<p>Da bi se obezbedio pouzdan i efikasan rad HVAC sistema i produ\u017eio njihov \u017eivotni vek, od su\u0161tinskog je zna\u010daja pravilan dizajn, precizna instalacija i redovno odr\u017eavanje.<\/p>\n<p>Pored regulisanja unutra\u0161njeg okru\u017eenja, HVAC sistemi doprinose zdravlju i udobnosti stanara, smanjuju potro\u0161nju energije i emisije gasova staklene ba\u0161te i ja\u010daju odr\u017eivost zgrada.<\/p>\n<p>Ukratko, HVAC sistemi su neophodni za stvaranje udobnog, zdravog unutra\u0161njeg okru\u017eenja dok se istovremeno bave energetskom efikasno\u0161c\u0301u i ekolo\u0161kom odr\u017eivo\u0161c\u0301u.<\/p>\n\n\t\t<\/div>\n\t<\/div>\n\n\t<div  class=\"wpb_single_image wpb_content_element vc_align_left wpb_content_element\">\n\t\t\n\t\t<figure class=\"wpb_wrapper vc_figure\">\n\t\t\t<div class=\"vc_single_image-wrapper   vc_box_border_grey\"><img decoding=\"async\" class=\"vc_single_image-img\" src=\"https:\/\/springtech.rs\/wp-content\/uploads\/BMS-engineer-1380x400.webp\" width=\"1380\" height=\"400\" alt=\"BMS-engineer\" title=\"BMS-engineer\" \/><\/div>\n\t\t<\/figure>\n\t<\/div>\n\n\t<div class=\"wpb_text_column wpb_content_element vc_custom_1695889831203\" >\n\t\t<div class=\"wpb_wrapper\">\n\t\t\t<h4 class=\"elementor-cta__title elementor-cta__content-item elementor-content-item\">Sistemi upravljanja zgradom (BMS)<\/h4>\n<p class=\"elementor-cta__description elementor-cta__content-item elementor-content-item\">Sistemi upravljanja zgradom, koji se \u010desto nazivaju Sistemi automatizacije zgrada, su sofisticirani kompjuterski zasnovani kontrolni sistemi odgovorni za nadgledanje i regulisanje mehani\u010dke i elektri\u010dne infrastrukture zgrade.<\/p>\n<p class=\" translation-block\"><b>Primarni cilj<\/b> sistema za upravljanje zgradama (BMS) je pobolj\u0161anje ukupnih performansi zgrade. Oni to posti\u017eu optimizacijom energetske efikasnosti, smanjenjem operativnih tro\u0161kova i povec\u0301anjem nivoa udobnosti stanara zgrade.<\/p>\n<p>BMS sistemi integri\u0161u niz kriti\u010dnih gra\u0111evinskih sistema i tehnologija, uklju\u010dujuc\u0301i HVAC, osvetljenje, bezbednost i sisteme za za\u0161titu od po\u017eara. Ova integracija omoguc\u0301ava centralizovanu kontrolu i kontinuirano prac\u0301enje, sa senzorima i ulazima podataka koji obezbe\u0111uju stalna prilago\u0111avanja na osnovu promenljivih uslova okoline. Ovaj dinami\u010dki pristup optimizuje rad sistema i minimizira gubitak energije.<\/p>\n<p class=\" translation-block\"><b>BMS sistemi nude<\/b> podatke i analitiku u realnom vremenu, pru\u017eajuc\u0301i operaterima zgrada vredne uvide. Ovi podaci omoguc\u0301avaju operaterima da identifikuju probleme sa performansama, prate potro\u0161nju energije i implementiraju strategije za pobolj\u0161anje i optimizaciju.**<\/p>\n<p>Da bi se obezbedilo efikasno i pouzdano funkcionisanje BMS sistema i maksimizirale njihove prednosti, pedantan dizajn, precizna instalacija i redovno odr\u017eavanje su imperativ.<\/p>\n<p>BMS sistemi igraju klju\u010dnu ulogu u unapre\u0111enju ciljeva odr\u017eivosti. Oni to \u010dine smanjenjem potro\u0161nje energije, smanjenjem emisije gasova staklene ba\u0161te, povec\u0301anjem funkcionalnosti i udobnosti zgrade i podizanjem ukupne vrednosti konstrukcija.<\/p>\n\n\t\t<\/div>\n\t<\/div>\n\n\t<div  class=\"wpb_single_image wpb_content_element vc_align_left wpb_content_element\">\n\t\t\n\t\t<figure class=\"wpb_wrapper vc_figure\">\n\t\t\t<div class=\"vc_single_image-wrapper   vc_box_border_grey\"><img decoding=\"async\" class=\"vc_single_image-img\" src=\"https:\/\/springtech.rs\/wp-content\/uploads\/instrumentation2-1-1380x400.jpg\" width=\"1380\" height=\"400\" alt=\"instrumentation2-1\" title=\"instrumentation2-1\" \/><\/div>\n\t\t<\/figure>\n\t<\/div>\n\n\t<div class=\"wpb_text_column wpb_content_element vc_custom_1695889869753\" >\n\t\t<div class=\"wpb_wrapper\">\n\t\t\t<h4 class=\"elementor-cta__title elementor-cta__content-item elementor-content-item\">Instrumentacija<\/h4>\n<p class=\"elementor-cta__description elementor-cta__content-item elementor-content-item\">U slo\u017eenom i dinami\u010dnom svetu petrohemijskog sektora, instrumentacija stoji kao kamen temeljac operativne efikasnosti i bezbednosti. Obuhvata niz alata i tehnologija, od senzora koji precizno mere temperaturu, pritisak i protok do sofisticiranih kontrolnih sistema koji orkestriraju i optimizuju slo\u017eene procese. Ova nezamenljiva komponenta igra vi\u0161estruku ulogu, zna\u010dajno doprinosec\u0301i ukupnom uspehu sektora.<\/p>\n<p class=\" translation-block\"><b>Pobolj\u0161ana efikasnost: <\/b>Rad u okru\u017eenju gde su resursi dragoceni, podaci iz instrumentacije u realnom vremenu pru\u017eaju sredstva za fino pode\u0161avanje procesa. Optimizujuc\u0301i rad i minimizirajuc\u0301i otpad, instrumentacija poma\u017ee u smanjenju operativnih tro\u0161kova uz maksimalnu iskori\u0161c\u0301enost resursa. U su\u0161tini, on osna\u017euje sektor da uradi vi\u0161e sa manje resursa, doprinosec\u0301i njegovoj ekonomskoj odr\u017eivosti.<\/p>\n<p class=\" translation-block\"><b>\u010cuvar bezbednosti: <\/b>Bezbednost je najva\u017enija u petrohemijskim operacijama, gde su opasnosti inherentne. Instrumentacija slu\u017ei kao budni stra\u017ear, marljivo nadgleda i otkriva anomalije u njihovim najranijim fazama. Ovaj proaktivni pristup spre\u010dava nesrec\u0301e, \u0161titec\u0301i i dobrobit osoblja i integritet vredne imovine.<\/p>\n<p class=\" translation-block\"><b>Osiguranje uskla\u0111enosti:<\/b> Petrohemijski sektor funkcioni\u0161e u okviru slo\u017eene mre\u017ee propisa i standarda. Sposobnost instrumentacije da obezbedi ta\u010dno prac\u0301enje i bele\u017eenje podataka je od neprocenjive vrednosti u obezbe\u0111ivanju striktnog po\u0161tovanja ovih propisa. Ovo ne samo da smanjuje pravne i operativne rizike, vec\u0301 i pokazuje posvec\u0301enost sektora odgovornosti prema \u017eivotnoj sredini.<\/p>\n<p>Doseg instrumentacije u petrohemijskim operacijama:<\/p>\n<p class=\" translation-block\"><b>Jedinice za destilaciju: <\/b>Unutar jedinica za destilaciju, instrumentacija preuzima klju\u010dni zadatak optimizacije procesa separacije. Osiguravajuc\u0301i precizno razdvajanje komponenti, garantuje kvalitet krajnjih proizvoda uz istovremeno o\u010duvanje resursa.<\/p>\n<p class=\" translation-block\"><b>Hemijski reaktori:<\/b> Precizna kontrola varijabli kao \u0161to su temperatura, pritisak i sastav je od vitalnog zna\u010daja za efikasne reakcije. Instrumentacija ne samo da odr\u017eava ove varijable unutar strogih tolerancija, vec\u0301 i pobolj\u0161ava ukupnu efikasnost hemijskih reakcija, \u0161to dovodi do smanjenja potro\u0161nje energije i tro\u0161kova proizvodnje.<\/p>\n<p class=\" translation-block\"><b>Nadgledanje cevovoda:<\/b> Petrohemijske operacije \u010desto obuhvataju \u0161iroke mre\u017ee cevovoda. Ovde je uloga instrumentacije vi\u0161estruka, obezbe\u0111ujuc\u0301i konzistentan protok materijala, dok istovremeno deluje kao proaktivna za\u0161tita. Mera\u010di protoka i sistemi za detekciju curenja spre\u010davaju izlivanje koje mo\u017ee dovesti do o\u0161tec\u0301enja \u017eivotne sredine i zna\u010dajnih finansijskih gubitaka.<\/p>\n<p>Trendovi u nastajanju:<\/p>\n<p class=\" translation-block\"><b>Napredna analitika:<\/b> Pojava ve\u0161ta\u010dke inteligencije (AI) i ma\u0161inskog u\u010denja (ML) revolucioni\u0161e petrohemijske operacije. Ove tehnologije koriste ogromne skupove podataka za pru\u017eanje prediktivnih uvida, omoguc\u0301avajuc\u0301i proaktivno re\u0161avanje problema i pobolj\u0161anu operativnu efikasnost.<\/p>\n<p class=\" translation-block\"><b>Be\u017ei\u010dna tehnologija: <\/b>Daljinsko prac\u0301enje putem be\u017ei\u010dne tehnologije pobolj\u0161ava bezbednost, posebno u opasnim oblastima, smanjujuc\u0301i izlo\u017eenost osoblja potencijalno opasnim okru\u017eenjima.<\/p>\n<p class=\" translation-block\"><b>Sajber bezbednost: <\/b>Kako industrija postaje sve vi\u0161e digitalizovana, robusne mere sajber bezbednosti su sastavni deo za\u0161tite podataka i sistema od evoluirajuc\u0301ih sajber pretnji.<\/p>\n<p>U su\u0161tini, instrumentacija slu\u017ei kao pokreta\u010dka snaga za efikasnost, sigurnost i uskla\u0111enost petrohemijskog sektora. Prihvatanje najnovijih tehnolo\u0161kih dostignuc\u0301a je od su\u0161tinskog zna\u010daja za odr\u017eavanje konkurentske prednosti u industriji koja se stalno razvija, gde su preciznost i bezbednost osnova uspeha.<\/p>\n\n\t\t<\/div>\n\t<\/div>\n\n\t<div  class=\"wpb_single_image wpb_content_element vc_align_left wpb_content_element\">\n\t\t\n\t\t<figure class=\"wpb_wrapper vc_figure\">\n\t\t\t<div class=\"vc_single_image-wrapper   vc_box_border_grey\"><img decoding=\"async\" class=\"vc_single_image-img\" src=\"https:\/\/springtech.rs\/wp-content\/uploads\/voltafe-1380x400.jpg\" width=\"1380\" height=\"400\" alt=\"voltafe\" title=\"voltafe\" \/><\/div>\n\t\t<\/figure>\n\t<\/div>\n\n\t<div class=\"wpb_text_column wpb_content_element vc_custom_1695889904467\" >\n\t\t<div class=\"wpb_wrapper\">\n\t\t\t<h4 class=\"elementor-cta__title elementor-cta__content-item elementor-content-item\">Sistemi niskog napona<\/h4>\n<p class=\"elementor-cta__description elementor-cta__content-item elementor-content-item\">Niskonaponski sistemi, koji rade na nivoima ispod 1000V AC ili 1500V DC, klju\u010dni su u obezbe\u0111ivanju sigurnosti i efikasnosti u razli\u010ditim primenama.<\/p>\n<p class=\" translation-block\"><b>Safety First:<\/b>&nbsp;Low voltage systems are designed with safety in mind, significantly reducing the risk of electric shock and fire hazards.<\/p>\n<p class=\" translation-block\"><b>Svestrane aplikacije: <\/b>Ovi sistemi slu\u017ee kao okosnica za distribuciju energije, kontrolne mehanizme i komunikacione mre\u017ee u razli\u010ditim pode\u0161avanjima.<\/p>\n<p class=\" translation-block\"><b>Razli\u010dite komponente:<\/b> Sistemi niskog napona obuhvataju niz komponenti, uklju\u010dujuc\u0301i panele za distribuciju elektri\u010dne energije, kontrolne table i komunikacionu infrastrukturu, omoguc\u0301avajuc\u0301i besprekoran rad.<\/p>\n<p class=\" translation-block\"><b>O\u017ei\u010denje za efikasnost: <\/b>O\u017ei\u010denje i kablovi u niskonaponskim sistemima igraju klju\u010dnu ulogu u bezbednom prenosu energije i signala, obezbe\u0111ujuc\u0301i efikasne i pouzdane performanse<\/p>\n<p class=\" translation-block\"><b>Kontrola na dohvat ruke:<\/b> Sistemi niskog napona omoguc\u0301avaju preciznu kontrolu u razli\u010ditim aplikacijama, od osvetljenja i HVAC regulacije do robusnih bezbednosnih sistema.<\/p>\n<p class=\" translation-block\"><b>Sigurnosna mre\u017ea: <\/b>Rano otkrivanje po\u017eara, olak\u0161ano niskonaponskim senzorima, pobolj\u0161ava bezbednost aktiviranjem blagovremenih alarma i upozorenja.\n<br><br>\n<b>Energetska efikasnost:<\/b> Sistemi niskog napona su poznati po svojoj energetskoj efikasnosti, minimizirajuc\u0301i gubitak energije na krac\u0301im udaljenostima.<\/p>\n<p class=\" translation-block\"><b>Univerzalne prednosti: <\/b>Ovi sistemi nalaze primenu u stambenim, komercijalnim i industrijskim sektorima, zahvaljujuc\u0301i svojoj fleksibilnosti i prilagodljivosti.<\/p>\n<p class=\" translation-block\"><b>Prihvatanje buduc\u0301nosti:<\/b> Sistemi niskog napona se neprimetno integri\u0161u sa novim tehnologijama kao \u0161to je Internet stvari (IoT) za pametno prac\u0301enje i kontrolu.<\/p>\n<p class=\" translation-block\"><b>Infrastruktura koja se razvija:<\/b> Kao kamen temeljac moderne infrastrukture, sistemi niskog napona kontinuirano se razvijaju kako bi zadovoljili rastuc\u0301e potrebe za energijom i tehnolo\u0161ki napredak, osiguravajuc\u0301i da ostanu na \u010delu inovacija.<\/p>\n<p>Niskonaponski sistemi su neopevani heroji moderne infrastrukture, garantujuc\u0301i bezbednost, efikasnost i prilagodljivost u \u0161irokom spektru aplikacija. Njihova integracija sa tehnologijama u nastajanju osigurava da ostanu ispred krivulje u dinami\u010dnom tehnolo\u0161kom pejza\u017eu koji se stalno razvija.<\/p>\n\n\t\t<\/div>\n\t<\/div>\n<\/div><\/div><\/div><\/div><div class=\"vc_row-full-width vc_clearfix\"><\/div>\n<\/div>","protected":false},"excerpt":{"rendered":"Systems Fire Protection Systems Fire protection systems are an essential part of any plants or building's safety and security system, [...]","protected":false},"author":1,"featured_media":0,"parent":0,"menu_order":0,"comment_status":"closed","ping_status":"closed","template":"","meta":{"footnotes":""},"class_list":["post-89","page","type-page","status-publish","hentry"],"aioseo_notices":[],"_links":{"self":[{"href":"https:\/\/springtech.rs\/sr\/wp-json\/wp\/v2\/pages\/89","targetHints":{"allow":["GET"]}}],"collection":[{"href":"https:\/\/springtech.rs\/sr\/wp-json\/wp\/v2\/pages"}],"about":[{"href":"https:\/\/springtech.rs\/sr\/wp-json\/wp\/v2\/types\/page"}],"author":[{"embeddable":true,"href":"https:\/\/springtech.rs\/sr\/wp-json\/wp\/v2\/users\/1"}],"replies":[{"embeddable":true,"href":"https:\/\/springtech.rs\/sr\/wp-json\/wp\/v2\/comments?post=89"}],"version-history":[{"count":11,"href":"https:\/\/springtech.rs\/sr\/wp-json\/wp\/v2\/pages\/89\/revisions"}],"predecessor-version":[{"id":969,"href":"https:\/\/springtech.rs\/sr\/wp-json\/wp\/v2\/pages\/89\/revisions\/969"}],"wp:attachment":[{"href":"https:\/\/springtech.rs\/sr\/wp-json\/wp\/v2\/media?parent=89"}],"curies":[{"name":"wp","href":"https:\/\/api.w.org\/{rel}","templated":true}]}}